{"id":7674,"date":"2023-07-07T11:47:29","date_gmt":"2023-07-07T09:47:29","guid":{"rendered":"https:\/\/casa-industrializada.com\/preguntes-frequents-casa-industrialitzada\/"},"modified":"2023-11-24T15:34:49","modified_gmt":"2023-11-24T14:34:49","slug":"preguntes-frequents-casa-industrialitzada","status":"publish","type":"page","link":"https:\/\/casa-industrializada.com\/ca\/preguntes-frequents-casa-industrialitzada\/","title":{"rendered":"Preguntes Freq\u00fcents &#8211; Casa Industrialitzada"},"content":{"rendered":"\t\t<div data-elementor-type=\"wp-page\" data-elementor-id=\"7674\" class=\"elementor elementor-7674 elementor-4885\" data-elementor-post-type=\"page\">\n\t\t\t\t\t\t<section class=\"elementor-section elementor-top-section elementor-element elementor-element-3a08c31b elementor-section-boxed elementor-section-height-default elementor-section-height-default\" data-id=\"3a08c31b\" data-element_type=\"section\" data-e-type=\"section\" data-settings=\"{&quot;background_background&quot;:&quot;classic&quot;,&quot;jet_parallax_layout_list&quot;:[]}\">\n\t\t\t\t\t\t<div class=\"elementor-container elementor-column-gap-default\">\n\t\t\t\t\t<div class=\"elementor-column elementor-col-100 elementor-top-column elementor-element elementor-element-1a200b23\" data-id=\"1a200b23\" data-element_type=\"column\" data-e-type=\"column\">\n\t\t\t<div class=\"elementor-widget-wrap elementor-element-populated\">\n\t\t\t\t\t\t<div class=\"elementor-element elementor-element-6503e1ac elementor-widget elementor-widget-heading\" data-id=\"6503e1ac\" data-element_type=\"widget\" data-e-type=\"widget\" data-widget_type=\"heading.default\">\n\t\t\t\t<div class=\"elementor-widget-container\">\n\t\t\t\t\t<h1 class=\"elementor-heading-title elementor-size-default\">Preguntes Freq\u00fcents - Habitatges Industrialitzats Starmodul<\/h1>\t\t\t\t<\/div>\n\t\t\t\t<\/div>\n\t\t\t\t<div class=\"elementor-element elementor-element-435d1db9 elementor-widget elementor-widget-text-editor\" data-id=\"435d1db9\" data-element_type=\"widget\" data-e-type=\"widget\" data-widget_type=\"text-editor.default\">\n\t\t\t\t<div class=\"elementor-widget-container\">\n\t\t\t\t\t\t\t\t\t<p>L&#8217;innovador i guardonat sistema <span class=\"spellchecker-match-error\" data-message=\"Se ha encontrado un posible error ortogr\u00e1fico.\" data-replacements=\"[]\">Starmodul<\/span> \u00e9s un sistema de construcci\u00f3 modular amb un gran \u00e8xit entre empreses de tota mena. Per\u00f2 qu\u00e8 \u00e9s exactament <span class=\"spellchecker-match-error\" data-message=\"Se ha encontrado un posible error ortogr\u00e1fico.\" data-replacements=\"[]\">Starmodul<\/span> ? Quin tipus de sistema ofereix? Coneix les respostes a les preguntes m\u00e9s freq\u00fcents sobre el sistema <span class=\"spellchecker-match-error\" data-message=\"Se ha encontrado un posible error ortogr\u00e1fico.\" data-replacements=\"[]\">Starmodul per a estructures met\u00e0l\u00b7liques<\/span> .<\/p>\n\t\t\t\t\t\t\t\t<\/div>\n\t\t\t\t<\/div>\n\t\t\t\t\t<\/div>\n\t\t<\/div>\n\t\t\t\t\t<\/div>\n\t\t<\/section>\n\t\t\t\t<section class=\"elementor-section elementor-top-section elementor-element elementor-element-6c20f0f8 elementor-section-content-middle elementor-section-full_width elementor-section-height-default elementor-section-height-default\" data-id=\"6c20f0f8\" data-element_type=\"section\" data-e-type=\"section\" data-settings=\"{&quot;jet_parallax_layout_list&quot;:[]}\">\n\t\t\t\t\t\t<div class=\"elementor-container elementor-column-gap-no\">\n\t\t\t\t\t<div class=\"elementor-column elementor-col-100 elementor-top-column elementor-element elementor-element-26d2e035\" data-id=\"26d2e035\" data-element_type=\"column\" data-e-type=\"column\">\n\t\t\t<div class=\"elementor-widget-wrap elementor-element-populated\">\n\t\t\t\t\t\t<div class=\"elementor-element elementor-element-18466a8f elementor-widget elementor-widget-toggle\" data-id=\"18466a8f\" data-element_type=\"widget\" data-e-type=\"widget\" data-widget_type=\"toggle.default\">\n\t\t\t\t<div class=\"elementor-widget-container\">\n\t\t\t\t\t\t\t<div class=\"elementor-toggle\">\n\t\t\t\t\t\t\t<div class=\"elementor-toggle-item\">\n\t\t\t\t\t<h2 id=\"elementor-tab-title-4071\" class=\"elementor-tab-title\" data-tab=\"1\" role=\"button\" aria-controls=\"elementor-tab-content-4071\" aria-expanded=\"false\">\n\t\t\t\t\t\t\t\t\t\t\t\t<span class=\"elementor-toggle-icon elementor-toggle-icon-right\" aria-hidden=\"true\">\n\t\t\t\t\t\t\t\t\t\t\t\t\t\t\t<span class=\"elementor-toggle-icon-closed\"><i class=\"fas fa-caret-right\"><\/i><\/span>\n\t\t\t\t\t\t\t\t<span class=\"elementor-toggle-icon-opened\"><i class=\"elementor-toggle-icon-opened fas fa-caret-up\"><\/i><\/span>\n\t\t\t\t\t\t\t\t\t\t\t\t\t<\/span>\n\t\t\t\t\t\t\t\t\t\t\t\t<a class=\"elementor-toggle-title\" tabindex=\"0\">Qu\u00e8 \u00e9s StarModul?<\/a>\n\t\t\t\t\t<\/h2>\n\n\t\t\t\t\t<div id=\"elementor-tab-content-4071\" class=\"elementor-tab-content elementor-clearfix\" data-tab=\"1\" role=\"region\" aria-labelledby=\"elementor-tab-title-4071\"><p><span class=\"spellchecker-match-error\" data-message=\"Se ha encontrado un posible error ortogr\u00e1fico.\" data-replacements=\"[]\">Starmodul<\/span> \u00e9s una empresa fabricant d&#8217;unions cargolades per a la construcci\u00f3 d&#8217;estructures met\u00e0l\u00b7liques. Aquestes estructures s\u00f3n desmuntables i es componen de peces cargolades i galvanitzades. Ja sigui pel treball industrial o pel projecte particular, el sistema permet la construcci\u00f3 d&#8217;estructures de materials lleugers sense necessitat de soldadura.<\/p>\n<\/div>\n\t\t\t\t<\/div>\n\t\t\t\t\t\t\t<div class=\"elementor-toggle-item\">\n\t\t\t\t\t<h2 id=\"elementor-tab-title-4072\" class=\"elementor-tab-title\" data-tab=\"2\" role=\"button\" aria-controls=\"elementor-tab-content-4072\" aria-expanded=\"false\">\n\t\t\t\t\t\t\t\t\t\t\t\t<span class=\"elementor-toggle-icon elementor-toggle-icon-right\" aria-hidden=\"true\">\n\t\t\t\t\t\t\t\t\t\t\t\t\t\t\t<span class=\"elementor-toggle-icon-closed\"><i class=\"fas fa-caret-right\"><\/i><\/span>\n\t\t\t\t\t\t\t\t<span class=\"elementor-toggle-icon-opened\"><i class=\"elementor-toggle-icon-opened fas fa-caret-up\"><\/i><\/span>\n\t\t\t\t\t\t\t\t\t\t\t\t\t<\/span>\n\t\t\t\t\t\t\t\t\t\t\t\t<a class=\"elementor-toggle-title\" tabindex=\"0\">\u00c9s un sistema de construcci\u00f3 m\u00e9s econ\u00f2mic comparat amb el tradicional?<\/a>\n\t\t\t\t\t<\/h2>\n\n\t\t\t\t\t<div id=\"elementor-tab-content-4072\" class=\"elementor-tab-content elementor-clearfix\" data-tab=\"2\" role=\"region\" aria-labelledby=\"elementor-tab-title-4072\"><p>\u00c9s m\u00e9s econ\u00f2mic a causa del temps de construcci\u00f3, no degut als materials. Els nostres habitatges tenen un 75% de materials comuns als habitatges tradicionals. Nom\u00e9s es diferencien en l&#8217;estructura, els tancaments i les cobertes, la resta s\u00f3n materials i acabats com l&#8217;habitatge tradicional. Aquest 25% que representa el sistema StarModul aconsegueix reduir el cost de construcci\u00f3 ja que \u00e9s un sistema de r\u00e0pida execuci\u00f3. Per exemple, l&#8217;estructura d&#8217;un habitatge de dues plantes es pot executar en 4 setmana.<\/p>\n<\/div>\n\t\t\t\t<\/div>\n\t\t\t\t\t\t\t<div class=\"elementor-toggle-item\">\n\t\t\t\t\t<h2 id=\"elementor-tab-title-4073\" class=\"elementor-tab-title\" data-tab=\"3\" role=\"button\" aria-controls=\"elementor-tab-content-4073\" aria-expanded=\"false\">\n\t\t\t\t\t\t\t\t\t\t\t\t<span class=\"elementor-toggle-icon elementor-toggle-icon-right\" aria-hidden=\"true\">\n\t\t\t\t\t\t\t\t\t\t\t\t\t\t\t<span class=\"elementor-toggle-icon-closed\"><i class=\"fas fa-caret-right\"><\/i><\/span>\n\t\t\t\t\t\t\t\t<span class=\"elementor-toggle-icon-opened\"><i class=\"elementor-toggle-icon-opened fas fa-caret-up\"><\/i><\/span>\n\t\t\t\t\t\t\t\t\t\t\t\t\t<\/span>\n\t\t\t\t\t\t\t\t\t\t\t\t<a class=\"elementor-toggle-title\" tabindex=\"0\">Quin tipus de construccions puc aplicar amb el sistema StarModul?<\/a>\n\t\t\t\t\t<\/h2>\n\n\t\t\t\t\t<div id=\"elementor-tab-content-4073\" class=\"elementor-tab-content elementor-clearfix\" data-tab=\"3\" role=\"region\" aria-labelledby=\"elementor-tab-title-4073\"><p>Amb el sistema StarModul es poden fer infinitat de construccions, des d\u00b4un porxo exterior, fins a un magatzem, passant per un habitatge de planta baixa o planta baixa + planta pis. Tamb\u00e9 \u00e9s un sistema molt recomanable per a remuntes d&#8217;edificis ja que \u00e9s un sistema lleuger i que es pot adaptar a pr\u00e0cticament qualsevol distribuci\u00f3.<\/p>\n<\/div>\n\t\t\t\t<\/div>\n\t\t\t\t\t\t\t<div class=\"elementor-toggle-item\">\n\t\t\t\t\t<h2 id=\"elementor-tab-title-4074\" class=\"elementor-tab-title\" data-tab=\"4\" role=\"button\" aria-controls=\"elementor-tab-content-4074\" aria-expanded=\"false\">\n\t\t\t\t\t\t\t\t\t\t\t\t<span class=\"elementor-toggle-icon elementor-toggle-icon-right\" aria-hidden=\"true\">\n\t\t\t\t\t\t\t\t\t\t\t\t\t\t\t<span class=\"elementor-toggle-icon-closed\"><i class=\"fas fa-caret-right\"><\/i><\/span>\n\t\t\t\t\t\t\t\t<span class=\"elementor-toggle-icon-opened\"><i class=\"elementor-toggle-icon-opened fas fa-caret-up\"><\/i><\/span>\n\t\t\t\t\t\t\t\t\t\t\t\t\t<\/span>\n\t\t\t\t\t\t\t\t\t\t\t\t<a class=\"elementor-toggle-title\" tabindex=\"0\">Quin tipus de terminacions i acabats podem aconseguir amb el sistema StarModul?<\/a>\n\t\t\t\t\t<\/h2>\n\n\t\t\t\t\t<div id=\"elementor-tab-content-4074\" class=\"elementor-tab-content elementor-clearfix\" data-tab=\"4\" role=\"region\" aria-labelledby=\"elementor-tab-title-4074\"><p data-fusion-font=\"true\">No hi ha cap limitaci\u00f3 d&#8217;acabats exteriors ni interiors amb el nostre sistema.<\/p>\n<p data-fusion-font=\"true\">Exteriorment, tenim la possibilitat de deixar el panell vist, ja que aquests panells tenen multitud d&#8217;acabats i colors exteriors o b\u00e9 podem revestir la fa\u00e7ana amb un altre material com podria ser un SATE o una rajola porcel\u00b7l\u00e0nica fixada mec\u00e0nicament.<\/p>\n<p data-fusion-font=\"true\">Interiorment, se sol acabar amb aplacat de cartr\u00f3-guix, per\u00f2 tamb\u00e9 es poden posar altres acabats com a panell sandvitx de fusta.<\/p>\n<\/div>\n\t\t\t\t<\/div>\n\t\t\t\t\t\t\t<div class=\"elementor-toggle-item\">\n\t\t\t\t\t<h2 id=\"elementor-tab-title-4075\" class=\"elementor-tab-title\" data-tab=\"5\" role=\"button\" aria-controls=\"elementor-tab-content-4075\" aria-expanded=\"false\">\n\t\t\t\t\t\t\t\t\t\t\t\t<span class=\"elementor-toggle-icon elementor-toggle-icon-right\" aria-hidden=\"true\">\n\t\t\t\t\t\t\t\t\t\t\t\t\t\t\t<span class=\"elementor-toggle-icon-closed\"><i class=\"fas fa-caret-right\"><\/i><\/span>\n\t\t\t\t\t\t\t\t<span class=\"elementor-toggle-icon-opened\"><i class=\"elementor-toggle-icon-opened fas fa-caret-up\"><\/i><\/span>\n\t\t\t\t\t\t\t\t\t\t\t\t\t<\/span>\n\t\t\t\t\t\t\t\t\t\t\t\t<a class=\"elementor-toggle-title\" tabindex=\"0\">El sistema StarModul limita les possibilitats de disseny?<\/a>\n\t\t\t\t\t<\/h2>\n\n\t\t\t\t\t<div id=\"elementor-tab-content-4075\" class=\"elementor-tab-content elementor-clearfix\" data-tab=\"5\" role=\"region\" aria-labelledby=\"elementor-tab-title-4075\"><p>El nostre sistema no t\u00e9 pr\u00e0cticament cap limitaci\u00f3 pel que fa al disseny. Precisament \u00e9s un punt fort del nostre sistema, la construcci\u00f3 de qualsevol disseny o forma. \u00c9s un sistema molt vers\u00e0til que amb la combinaci\u00f3 de diferents elements constructius pot oferir una gran quantitat de possibilitats.<\/p>\n<p>Amb el sistema StarModul es poden fer infinitat de construccions, des d\u00b4un porxo exterior, fins a un magatzem, passant per un habitatge de planta baixa o planta baixa + planta pis. Tamb\u00e9 \u00e9s un sistema molt recomanable per a remuntes d&#8217;edificis ja que \u00e9s un sistema lleuger i que es pot adaptar a pr\u00e0cticament qualsevol distribuci\u00f3.<\/p>\n<\/div>\n\t\t\t\t<\/div>\n\t\t\t\t\t\t\t<div class=\"elementor-toggle-item\">\n\t\t\t\t\t<h2 id=\"elementor-tab-title-4076\" class=\"elementor-tab-title\" data-tab=\"6\" role=\"button\" aria-controls=\"elementor-tab-content-4076\" aria-expanded=\"false\">\n\t\t\t\t\t\t\t\t\t\t\t\t<span class=\"elementor-toggle-icon elementor-toggle-icon-right\" aria-hidden=\"true\">\n\t\t\t\t\t\t\t\t\t\t\t\t\t\t\t<span class=\"elementor-toggle-icon-closed\"><i class=\"fas fa-caret-right\"><\/i><\/span>\n\t\t\t\t\t\t\t\t<span class=\"elementor-toggle-icon-opened\"><i class=\"elementor-toggle-icon-opened fas fa-caret-up\"><\/i><\/span>\n\t\t\t\t\t\t\t\t\t\t\t\t\t<\/span>\n\t\t\t\t\t\t\t\t\t\t\t\t<a class=\"elementor-toggle-title\" tabindex=\"0\">Es poden rovellar les cases d'acer?<\/a>\n\t\t\t\t\t<\/h2>\n\n\t\t\t\t\t<div id=\"elementor-tab-content-4076\" class=\"elementor-tab-content elementor-clearfix\" data-tab=\"6\" role=\"region\" aria-labelledby=\"elementor-tab-title-4076\"><p>Les estructures StarModul estan fabricades amb tubs i unions sense soldadura fetes amb acer galvanitzat d&#8217;immersi\u00f3 en calent en una soluci\u00f3 d&#8217;electr\u00f2lit que cont\u00e9 zinc i utilitza l&#8217;electr\u00f2lisi per crear el recobriment de l&#8217;acer. El zinc que recobreix l&#8217;acer fa que aquest sigui m\u00e9s resistent a l&#8217;oxidaci\u00f3. L\u00b4acer galvanitzat queda m\u00e9s protegit de l\u00b4aigua i la humitat gr\u00e0cies al zinc, creant una capa de zinc sobre l\u00b4acer que evita que l\u00b4oxigen arribi al ferro, ja que aquest material s\u00ed que s\u00b4oxida amb facilitat.<\/p>\n<p>A m\u00e9s, l&#8217;acer galvanitzat pot durar en perfectes condicions durant m\u00e9s de 70 anys, per tant, la seva vida \u00fatil \u00e9s molt alta. La relaci\u00f3 qualitat-preu daquest material \u00e9s millor que amb altres materials i no requereix de manteniment. Un altre dels seus avantatges \u00e9s que \u00e9s un material ecol\u00f2gic ja que es pot reciclar diverses vegades.<\/p>\n<p>Els recobriments exteriors de les estructures StarModul estan realitzats amb panell sandvitx, amb dues cares met\u00e0l\u00b7liques i nucli a\u00efllant r\u00edgid. Aquests proporcionen un excepcional a\u00efllament t\u00e8rmic amb el m\u00ednim gruix del panell, obtenint parets i sostres t\u00e8rmicament eficients, d&#8217;alta durabilitat, que garanteixen l&#8217;estanquitat amb les juntes encadellades. El panell t\u00e9 una garantia de fins a 25 anys.<\/p>\n<\/div>\n\t\t\t\t<\/div>\n\t\t\t\t\t\t\t<div class=\"elementor-toggle-item\">\n\t\t\t\t\t<h2 id=\"elementor-tab-title-4077\" class=\"elementor-tab-title\" data-tab=\"7\" role=\"button\" aria-controls=\"elementor-tab-content-4077\" aria-expanded=\"false\">\n\t\t\t\t\t\t\t\t\t\t\t\t<span class=\"elementor-toggle-icon elementor-toggle-icon-right\" aria-hidden=\"true\">\n\t\t\t\t\t\t\t\t\t\t\t\t\t\t\t<span class=\"elementor-toggle-icon-closed\"><i class=\"fas fa-caret-right\"><\/i><\/span>\n\t\t\t\t\t\t\t\t<span class=\"elementor-toggle-icon-opened\"><i class=\"elementor-toggle-icon-opened fas fa-caret-up\"><\/i><\/span>\n\t\t\t\t\t\t\t\t\t\t\t\t\t<\/span>\n\t\t\t\t\t\t\t\t\t\t\t\t<a class=\"elementor-toggle-title\" tabindex=\"0\">Es pot ampliar o remodelar una estructura amb aquest sistema?<\/a>\n\t\t\t\t\t<\/h2>\n\n\t\t\t\t\t<div id=\"elementor-tab-content-4077\" class=\"elementor-tab-content elementor-clearfix\" data-tab=\"7\" role=\"region\" aria-labelledby=\"elementor-tab-title-4077\"><p>El sistema constructiu StarModul permet ampliar o remodelar la distribuci\u00f3 d&#8217;un habitatge de forma f\u00e0cil, ja que els panells s\u00f3n f\u00e0cilment desmuntables i reaprofitables i l&#8217;estructura, en disposar d&#8217;unions cargolades, es pot descargolar i adaptar a una altra distribuci\u00f3, sempre que es garanteixi l&#8217;estabilitat del conjunt mitjan\u00e7ant un c\u00e0lcul estructural.<\/p>\n<\/div>\n\t\t\t\t<\/div>\n\t\t\t\t\t\t\t<div class=\"elementor-toggle-item\">\n\t\t\t\t\t<h2 id=\"elementor-tab-title-4078\" class=\"elementor-tab-title\" data-tab=\"8\" role=\"button\" aria-controls=\"elementor-tab-content-4078\" aria-expanded=\"false\">\n\t\t\t\t\t\t\t\t\t\t\t\t<span class=\"elementor-toggle-icon elementor-toggle-icon-right\" aria-hidden=\"true\">\n\t\t\t\t\t\t\t\t\t\t\t\t\t\t\t<span class=\"elementor-toggle-icon-closed\"><i class=\"fas fa-caret-right\"><\/i><\/span>\n\t\t\t\t\t\t\t\t<span class=\"elementor-toggle-icon-opened\"><i class=\"elementor-toggle-icon-opened fas fa-caret-up\"><\/i><\/span>\n\t\t\t\t\t\t\t\t\t\t\t\t\t<\/span>\n\t\t\t\t\t\t\t\t\t\t\t\t<a class=\"elementor-toggle-title\" tabindex=\"0\">Per qu\u00e8 s'han de construir amb tubs d'acer galvanitzat?<\/a>\n\t\t\t\t\t<\/h2>\n\n\t\t\t\t\t<div id=\"elementor-tab-content-4078\" class=\"elementor-tab-content elementor-clearfix\" data-tab=\"8\" role=\"region\" aria-labelledby=\"elementor-tab-title-4078\"><p>Els avantatges de construir amb tubs de secci\u00f3 quadrada d&#8217;acer galvanitzat s\u00f3n que presenta una major durabilitat que l&#8217;acer, no requereix pintat per a la protecci\u00f3 contra la corrosi\u00f3 ja ve tractat de f\u00e0brica. A m\u00e9s, \u00e9s un material molt m\u00e9s lleuger, que facilita el muntatge i elimina la necessitat de disposar de maquin\u00e0ria auxiliar per elevar els elements estructurals.<\/p>\n<\/div>\n\t\t\t\t<\/div>\n\t\t\t\t\t\t\t<div class=\"elementor-toggle-item\">\n\t\t\t\t\t<h2 id=\"elementor-tab-title-4079\" class=\"elementor-tab-title\" data-tab=\"9\" role=\"button\" aria-controls=\"elementor-tab-content-4079\" aria-expanded=\"false\">\n\t\t\t\t\t\t\t\t\t\t\t\t<span class=\"elementor-toggle-icon elementor-toggle-icon-right\" aria-hidden=\"true\">\n\t\t\t\t\t\t\t\t\t\t\t\t\t\t\t<span class=\"elementor-toggle-icon-closed\"><i class=\"fas fa-caret-right\"><\/i><\/span>\n\t\t\t\t\t\t\t\t<span class=\"elementor-toggle-icon-opened\"><i class=\"elementor-toggle-icon-opened fas fa-caret-up\"><\/i><\/span>\n\t\t\t\t\t\t\t\t\t\t\t\t\t<\/span>\n\t\t\t\t\t\t\t\t\t\t\t\t<a class=\"elementor-toggle-title\" tabindex=\"0\">Afecten els agents climatol\u00f2gics, plagues o agents naturals a les nostres estructures?<\/a>\n\t\t\t\t\t<\/h2>\n\n\t\t\t\t\t<div id=\"elementor-tab-content-4079\" class=\"elementor-tab-content elementor-clearfix\" data-tab=\"9\" role=\"region\" aria-labelledby=\"elementor-tab-title-4079\"><p>Els panells utilitzats per al revestiment exterior de les estructures StarModul s\u00f3n immunes a l&#8217;atac de fongs, floridures i altres agents biol\u00f2gics deteriorants. Ni el nucli a\u00efllant del panell ni l&#8217;acer galvanitzat absorbeixen aigua, mantenint les prestacions t\u00e8rmiques al llarg de la seva vida \u00fatil.<\/p>\n<\/div>\n\t\t\t\t<\/div>\n\t\t\t\t\t\t\t<div class=\"elementor-toggle-item\">\n\t\t\t\t\t<h2 id=\"elementor-tab-title-40710\" class=\"elementor-tab-title\" data-tab=\"10\" role=\"button\" aria-controls=\"elementor-tab-content-40710\" aria-expanded=\"false\">\n\t\t\t\t\t\t\t\t\t\t\t\t<span class=\"elementor-toggle-icon elementor-toggle-icon-right\" aria-hidden=\"true\">\n\t\t\t\t\t\t\t\t\t\t\t\t\t\t\t<span class=\"elementor-toggle-icon-closed\"><i class=\"fas fa-caret-right\"><\/i><\/span>\n\t\t\t\t\t\t\t\t<span class=\"elementor-toggle-icon-opened\"><i class=\"elementor-toggle-icon-opened fas fa-caret-up\"><\/i><\/span>\n\t\t\t\t\t\t\t\t\t\t\t\t\t<\/span>\n\t\t\t\t\t\t\t\t\t\t\t\t<a class=\"elementor-toggle-title\" tabindex=\"0\">Com es comporta aquest material al foc?<\/a>\n\t\t\t\t\t<\/h2>\n\n\t\t\t\t\t<div id=\"elementor-tab-content-40710\" class=\"elementor-tab-content elementor-clearfix\" data-tab=\"10\" role=\"region\" aria-labelledby=\"elementor-tab-title-40710\"><p>Els panells sandvitx utilitzat com a revestiment exterior tenen un comportament al foc Bs1,D0. (B: dif\u00edcilment combustible; s1: generaci\u00f3 de fums molt limitada; s0: sense caiguda de gotes inflamables)<\/p>\n<p>Les estructures StarModul compleixen les exig\u00e8ncies del CTE-DB-SI (resist\u00e8ncia al foc de les estructures).<\/p>\n<p>Es considera que la resist\u00e8ncia al foc d&#8217;un element estructural principal de l&#8217;edifici (forjats, bigues i suports) \u00e9s suficient si arriba al temps en minuts de resist\u00e8ncia al foc davant l&#8217;acci\u00f3 representada per la corba normalitzada temps temperatura. En el cas dhabitatges, els elements estructurals garanteixen una resist\u00e8ncia R30 i R90 en el cas de garatges. A la construcci\u00f3 d&#8217;habitatges adossats es garanteix que la separaci\u00f3 entre habitatges compleixi una R60.<\/p>\n<p>Per garantir aquestes exig\u00e8ncies es realitzen els trasdossats de la manera seg\u00fcent:<\/p>\n<ul>\n<li>Zona vivenda: Extradossat Pladur\u00ae 72\/400 (46) 2N &#8211;  [46+2x13N]<\/li>\n<li>Zona garatge: Extradossat Pladur\u00ae 91\/400 (46) 3F &#8211;  [46+3x15F]<\/li>\n<li>Envans de separaci\u00f3 entre habitatges: Env\u00e0 Pladur\u00ae 144\/600 (46+e+46) 4N+2MW Lliure &#8211;  [2x13N+46+(e)+46+2x13N]<\/li>\n<\/ul>\n<\/div>\n\t\t\t\t<\/div>\n\t\t\t\t\t\t\t\t<\/div>\n\t\t\t\t\t\t<\/div>\n\t\t\t\t<\/div>\n\t\t\t\t\t<\/div>\n\t\t<\/div>\n\t\t\t\t\t<\/div>\n\t\t<\/section>\n\t\t\t\t<\/div>\n\t\t","protected":false},"excerpt":{"rendered":"<p>Preguntes Freq\u00fcents &#8211; Habitatges Industrialitzats Starmodul L&#8217;innovador i guardonat sistema Starmodul \u00e9s un sistema de construcci\u00f3 modular amb un gran \u00e8xit entre empreses de tota mena. Per\u00f2 qu\u00e8 \u00e9s exactament Starmodul ? Quin tipus de sistema ofereix? Coneix les respostes a les preguntes m\u00e9s freq\u00fcents sobre el sistema Starmodul per a estructures met\u00e0l\u00b7liques . Qu\u00e8 [&hellip;]<\/p>\n","protected":false},"author":13,"featured_media":0,"parent":0,"menu_order":0,"comment_status":"closed","ping_status":"closed","template":"","meta":{"footnotes":""},"class_list":["post-7674","page","type-page","status-publish","hentry"],"_links":{"self":[{"href":"https:\/\/casa-industrializada.com\/ca\/wp-json\/wp\/v2\/pages\/7674","targetHints":{"allow":["GET"]}}],"collection":[{"href":"https:\/\/casa-industrializada.com\/ca\/wp-json\/wp\/v2\/pages"}],"about":[{"href":"https:\/\/casa-industrializada.com\/ca\/wp-json\/wp\/v2\/types\/page"}],"author":[{"embeddable":true,"href":"https:\/\/casa-industrializada.com\/ca\/wp-json\/wp\/v2\/users\/13"}],"replies":[{"embeddable":true,"href":"https:\/\/casa-industrializada.com\/ca\/wp-json\/wp\/v2\/comments?post=7674"}],"version-history":[{"count":0,"href":"https:\/\/casa-industrializada.com\/ca\/wp-json\/wp\/v2\/pages\/7674\/revisions"}],"wp:attachment":[{"href":"https:\/\/casa-industrializada.com\/ca\/wp-json\/wp\/v2\/media?parent=7674"}],"curies":[{"name":"wp","href":"https:\/\/api.w.org\/{rel}","templated":true}]}}