{"id":7695,"date":"2022-12-22T15:24:53","date_gmt":"2022-12-22T14:24:53","guid":{"rendered":"https:\/\/casa-industrializada.com\/franquicies\/"},"modified":"2023-11-24T15:34:57","modified_gmt":"2023-11-24T14:34:57","slug":"franquicies","status":"publish","type":"page","link":"https:\/\/casa-industrializada.com\/ca\/franquicies\/","title":{"rendered":"Franqu\u00edcies"},"content":{"rendered":"\t\t<div data-elementor-type=\"wp-page\" data-elementor-id=\"7695\" class=\"elementor elementor-7695\" data-elementor-post-type=\"page\">\n\t\t\t\t\t\t<section class=\"elementor-section elementor-top-section elementor-element elementor-element-7611e277 elementor-section-boxed elementor-section-height-default elementor-section-height-default\" data-id=\"7611e277\" data-element_type=\"section\" data-e-type=\"section\" data-settings=\"{&quot;background_background&quot;:&quot;classic&quot;,&quot;jet_parallax_layout_list&quot;:[]}\">\n\t\t\t\t\t\t<div class=\"elementor-container elementor-column-gap-default\">\n\t\t\t\t\t<div class=\"elementor-column elementor-col-100 elementor-top-column elementor-element elementor-element-1cec0185\" data-id=\"1cec0185\" data-element_type=\"column\" data-e-type=\"column\">\n\t\t\t<div class=\"elementor-widget-wrap elementor-element-populated\">\n\t\t\t\t\t\t<div class=\"elementor-element elementor-element-71de0f08 elementor-widget elementor-widget-heading\" data-id=\"71de0f08\" data-element_type=\"widget\" data-e-type=\"widget\" data-widget_type=\"heading.default\">\n\t\t\t\t<div class=\"elementor-widget-container\">\n\t\t\t\t\t<h2 class=\"elementor-heading-title elementor-size-default\">Franqu\u00edcies StarModul<\/h2>\t\t\t\t<\/div>\n\t\t\t\t<\/div>\n\t\t\t\t\t<\/div>\n\t\t<\/div>\n\t\t\t\t\t<\/div>\n\t\t<\/section>\n\t\t\t\t<section class=\"elementor-section elementor-top-section elementor-element elementor-element-75bed869 elementor-section-boxed elementor-section-height-default elementor-section-height-default\" data-id=\"75bed869\" data-element_type=\"section\" data-e-type=\"section\" data-settings=\"{&quot;jet_parallax_layout_list&quot;:[]}\">\n\t\t\t\t\t\t<div class=\"elementor-container elementor-column-gap-default\">\n\t\t\t\t\t<div class=\"elementor-column elementor-col-25 elementor-top-column elementor-element elementor-element-7dde700a\" data-id=\"7dde700a\" data-element_type=\"column\" data-e-type=\"column\">\n\t\t\t<div class=\"elementor-widget-wrap elementor-element-populated\">\n\t\t\t\t\t\t<div class=\"elementor-element elementor-element-27af09b8 elementor-widget elementor-widget-google_maps\" data-id=\"27af09b8\" data-element_type=\"widget\" data-e-type=\"widget\" data-widget_type=\"google_maps.default\">\n\t\t\t\t<div class=\"elementor-widget-container\">\n\t\t\t\t\t\t\t<div class=\"elementor-custom-embed\">\n\t\t\t<iframe loading=\"lazy\"\n\t\t\t\t\tsrc=\"https:\/\/maps.google.com\/maps?q=Carrer%20diversitat%2033%2C%20&#038;t=m&#038;z=12&#038;output=embed&#038;iwloc=near\"\n\t\t\t\t\ttitle=\"Carrer diversitat 33, \"\n\t\t\t\t\taria-label=\"Carrer diversitat 33, \"\n\t\t\t><\/iframe>\n\t\t<\/div>\n\t\t\t\t\t\t<\/div>\n\t\t\t\t<\/div>\n\t\t\t\t<div class=\"elementor-element elementor-element-6fca4ff0 elementor-widget elementor-widget-heading\" data-id=\"6fca4ff0\" data-element_type=\"widget\" data-e-type=\"widget\" data-widget_type=\"heading.default\">\n\t\t\t\t<div class=\"elementor-widget-container\">\n\t\t\t\t\t<h2 class=\"elementor-heading-title elementor-size-default\">Franqu\u00edcia StarModul de Reus<\/h2>\t\t\t\t<\/div>\n\t\t\t\t<\/div>\n\t\t\t\t<div class=\"elementor-element elementor-element-622bae45 elementor-widget elementor-widget-text-editor\" data-id=\"622bae45\" data-element_type=\"widget\" data-e-type=\"widget\" data-widget_type=\"text-editor.default\">\n\t\t\t\t<div class=\"elementor-widget-container\">\n\t\t\t\t\t\t\t\t\t<ul>\n<li>Carrer Diversitat, 33, Pol\u00edgon Industrial Granja Vila \/ 43206 &#8211; Reus, Catalunya<\/li>\n<li><strong>E-mail:<\/strong> info@starmodul.com<\/li>\n<li><strong>Tel:<\/strong> +34 977 75 79 22<\/li>\n<li><strong>M\u00f2bil:<\/strong> +34 618 49 35 31<\/li>\n<\/ul>\n\t\t\t\t\t\t\t\t<\/div>\n\t\t\t\t<\/div>\n\t\t\t\t\t<\/div>\n\t\t<\/div>\n\t\t\t\t<div class=\"elementor-column elementor-col-25 elementor-top-column elementor-element elementor-element-2318c2fa\" data-id=\"2318c2fa\" data-element_type=\"column\" data-e-type=\"column\">\n\t\t\t<div class=\"elementor-widget-wrap elementor-element-populated\">\n\t\t\t\t\t\t<div class=\"elementor-element elementor-element-64005507 elementor-widget elementor-widget-google_maps\" data-id=\"64005507\" data-element_type=\"widget\" data-e-type=\"widget\" data-widget_type=\"google_maps.default\">\n\t\t\t\t<div class=\"elementor-widget-container\">\n\t\t\t\t\t\t\t<div class=\"elementor-custom-embed\">\n\t\t\t<iframe loading=\"lazy\"\n\t\t\t\t\tsrc=\"https:\/\/maps.google.com\/maps?q=Avinguda%20del%20Vall%C3%A8s%2C%20306%20%2F%2008227%20-%20Terrassa%20-%20Catalunya&#038;t=m&#038;z=12&#038;output=embed&#038;iwloc=near\"\n\t\t\t\t\ttitle=\"Avinguda del Vall\u00e8s, 306 \/ 08227 - Terrassa - Catalunya\"\n\t\t\t\t\taria-label=\"Avinguda del Vall\u00e8s, 306 \/ 08227 - Terrassa - Catalunya\"\n\t\t\t><\/iframe>\n\t\t<\/div>\n\t\t\t\t\t\t<\/div>\n\t\t\t\t<\/div>\n\t\t\t\t<div class=\"elementor-element elementor-element-8cdc8fa elementor-widget elementor-widget-heading\" data-id=\"8cdc8fa\" data-element_type=\"widget\" data-e-type=\"widget\" data-widget_type=\"heading.default\">\n\t\t\t\t<div class=\"elementor-widget-container\">\n\t\t\t\t\t<h2 class=\"elementor-heading-title elementor-size-default\">Franqu\u00edcia StarModul de Barcelona-Vall\u00e8s\n<\/h2>\t\t\t\t<\/div>\n\t\t\t\t<\/div>\n\t\t\t\t<div class=\"elementor-element elementor-element-18d36382 elementor-widget elementor-widget-text-editor\" data-id=\"18d36382\" data-element_type=\"widget\" data-e-type=\"widget\" data-widget_type=\"text-editor.default\">\n\t\t\t\t<div class=\"elementor-widget-container\">\n\t\t\t\t\t\t\t\t\t<ul>\n<li><span style=\"color: #444444;\">Avinguda del Vall\u00e8s, 306\/08227, Terrassa, Catalunya.<\/span><\/li>\n<li><span style=\"color: #444444;\"><strong>Email:<\/strong> <a style=\"color: #444444;\" href=\"mailto:barcelonacentro@starmodul.com\">barcelonacentro@starmodul.com<\/a><\/span><\/li>\n<li><span style=\"color: #444444;\"><strong>Tel:<\/strong> <a style=\"color: #444444;\" href=\"tel:+34931427080\">+34 931 427 080<\/a><\/span><\/li>\n<\/ul>\n\t\t\t\t\t\t\t\t<\/div>\n\t\t\t\t<\/div>\n\t\t\t\t\t<\/div>\n\t\t<\/div>\n\t\t\t\t<div class=\"elementor-column elementor-col-25 elementor-top-column elementor-element elementor-element-459e7d44\" data-id=\"459e7d44\" data-element_type=\"column\" data-e-type=\"column\">\n\t\t\t<div class=\"elementor-widget-wrap elementor-element-populated\">\n\t\t\t\t\t\t<div class=\"elementor-element elementor-element-68064d22 elementor-widget elementor-widget-google_maps\" data-id=\"68064d22\" data-element_type=\"widget\" data-e-type=\"widget\" data-widget_type=\"google_maps.default\">\n\t\t\t\t<div class=\"elementor-widget-container\">\n\t\t\t\t\t\t\t<div class=\"elementor-custom-embed\">\n\t\t\t<iframe loading=\"lazy\"\n\t\t\t\t\tsrc=\"https:\/\/maps.google.com\/maps?q=Av.%20Jacetania%2024%20%2F%2022700%20-%20Jaca%20-%20Huesca&#038;t=m&#038;z=12&#038;output=embed&#038;iwloc=near\"\n\t\t\t\t\ttitle=\"Av. Jacetania 24 \/ 22700 - Jaca - Huesca\"\n\t\t\t\t\taria-label=\"Av. Jacetania 24 \/ 22700 - Jaca - Huesca\"\n\t\t\t><\/iframe>\n\t\t<\/div>\n\t\t\t\t\t\t<\/div>\n\t\t\t\t<\/div>\n\t\t\t\t<div class=\"elementor-element elementor-element-ee4b554 elementor-widget elementor-widget-heading\" data-id=\"ee4b554\" data-element_type=\"widget\" data-e-type=\"widget\" data-widget_type=\"heading.default\">\n\t\t\t\t<div class=\"elementor-widget-container\">\n\t\t\t\t\t<h2 class=\"elementor-heading-title elementor-size-default\">Franqu\u00edcia StarModul d'Osca<\/h2>\t\t\t\t<\/div>\n\t\t\t\t<\/div>\n\t\t\t\t<div class=\"elementor-element elementor-element-866b93e elementor-widget elementor-widget-text-editor\" data-id=\"866b93e\" data-element_type=\"widget\" data-e-type=\"widget\" data-widget_type=\"text-editor.default\">\n\t\t\t\t<div class=\"elementor-widget-container\">\n\t\t\t\t\t\t\t\t\t<ul>\n<li><span style=\"color: #444444;\"><strong>Oficines:<\/strong> Av. Jacetania 24 \/ 22700, Jaca, Osca.<\/span><\/li>\n<li><span style=\"color: #444444;\"><strong>Nau industrial:<\/strong> C\/ Riu Ara &#8211; Pol. Ind. Pla de la Vict\u00f2ria \/ 22700, Jaca, Osca.<\/span><\/li>\n<li><span style=\"color: #444444;\"><strong>Email:<\/strong> <a style=\"color: #444444;\" href=\"mailto:huesca@starmodul.com\">huesca@starmodul.com<\/a><\/span><\/li>\n<li><span style=\"color: #444444;\"><strong>Tel:<\/strong> <a style=\"color: #444444;\" href=\"tel:+34680730313\">+34 680 73 03 13<\/a> <strong>\/<\/strong> <a style=\"color: #444444;\" href=\"tel:+34659468178\">+34 659 46 81 78<\/a><\/span><\/li>\n<\/ul>\n\t\t\t\t\t\t\t\t<\/div>\n\t\t\t\t<\/div>\n\t\t\t\t\t<\/div>\n\t\t<\/div>\n\t\t\t\t<div class=\"elementor-column elementor-col-25 elementor-top-column elementor-element elementor-element-7e94c2f2\" data-id=\"7e94c2f2\" data-element_type=\"column\" data-e-type=\"column\">\n\t\t\t<div class=\"elementor-widget-wrap elementor-element-populated\">\n\t\t\t\t\t\t<div class=\"elementor-element elementor-element-4001fe06 elementor-widget elementor-widget-google_maps\" data-id=\"4001fe06\" data-element_type=\"widget\" data-e-type=\"widget\" data-widget_type=\"google_maps.default\">\n\t\t\t\t<div class=\"elementor-widget-container\">\n\t\t\t\t\t\t\t<div class=\"elementor-custom-embed\">\n\t\t\t<iframe loading=\"lazy\"\n\t\t\t\t\tsrc=\"https:\/\/maps.google.com\/maps?q=Camino%20del%20Barco%2C%208%20%2F%2028700%20-%20Madrid&#038;t=m&#038;z=12&#038;output=embed&#038;iwloc=near\"\n\t\t\t\t\ttitle=\"Camino del Barco, 8 \/ 28700 - Madrid\"\n\t\t\t\t\taria-label=\"Camino del Barco, 8 \/ 28700 - Madrid\"\n\t\t\t><\/iframe>\n\t\t<\/div>\n\t\t\t\t\t\t<\/div>\n\t\t\t\t<\/div>\n\t\t\t\t<div class=\"elementor-element elementor-element-1ca88a21 elementor-widget elementor-widget-heading\" data-id=\"1ca88a21\" data-element_type=\"widget\" data-e-type=\"widget\" data-widget_type=\"heading.default\">\n\t\t\t\t<div class=\"elementor-widget-container\">\n\t\t\t\t\t<h2 class=\"elementor-heading-title elementor-size-default\">Franqu\u00edcia StarModul de Madrid<\/h2>\t\t\t\t<\/div>\n\t\t\t\t<\/div>\n\t\t\t\t<div class=\"elementor-element elementor-element-26e6298f elementor-widget elementor-widget-text-editor\" data-id=\"26e6298f\" data-element_type=\"widget\" data-e-type=\"widget\" data-widget_type=\"text-editor.default\">\n\t\t\t\t<div class=\"elementor-widget-container\">\n\t\t\t\t\t\t\t\t\t<ul>\n<li><span style=\"color: #444444;\">Cam\u00ed del Vaixell, 8\/28700, Madrid.<\/span><\/li>\n<li><span style=\"color: #444444;\"><strong>Email:<\/strong> <a style=\"color: #444444;\" href=\"mailto:madrid1@starmodul.com\">madrid1@starmodul.com<\/a><\/span><\/li>\n<li><span style=\"color: #444444;\"><strong>Tel:<\/strong> <a style=\"color: #444444;\" href=\"tel:+34916511444\">+34 916 511 444<\/a><\/span><\/li>\n<\/ul>\n\t\t\t\t\t\t\t\t<\/div>\n\t\t\t\t<\/div>\n\t\t\t\t\t<\/div>\n\t\t<\/div>\n\t\t\t\t\t<\/div>\n\t\t<\/section>\n\t\t\t\t<section class=\"elementor-section elementor-top-section elementor-element elementor-element-69349e4b elementor-section-boxed elementor-section-height-default elementor-section-height-default\" data-id=\"69349e4b\" data-element_type=\"section\" data-e-type=\"section\" data-settings=\"{&quot;jet_parallax_layout_list&quot;:[]}\">\n\t\t\t\t\t\t<div class=\"elementor-container elementor-column-gap-default\">\n\t\t\t\t\t<div class=\"elementor-column elementor-col-100 elementor-top-column elementor-element elementor-element-67e95d56\" data-id=\"67e95d56\" data-element_type=\"column\" data-e-type=\"column\">\n\t\t\t<div class=\"elementor-widget-wrap elementor-element-populated\">\n\t\t\t\t\t\t<div class=\"elementor-element elementor-element-3854eb72 elementor-widget elementor-widget-heading\" data-id=\"3854eb72\" data-element_type=\"widget\" data-e-type=\"widget\" data-widget_type=\"heading.default\">\n\t\t\t\t<div class=\"elementor-widget-container\">\n\t\t\t\t\t<span class=\"elementor-heading-title elementor-size-default\">Franqu\u00edcies StarModul<\/span>\t\t\t\t<\/div>\n\t\t\t\t<\/div>\n\t\t\t\t<div class=\"elementor-element elementor-element-762f8912 elementor-widget elementor-widget-heading\" data-id=\"762f8912\" data-element_type=\"widget\" data-e-type=\"widget\" data-widget_type=\"heading.default\">\n\t\t\t\t<div class=\"elementor-widget-container\">\n\t\t\t\t\t<h2 class=\"elementor-heading-title elementor-size-default\">StarModul fa m\u00e9s de 20 anys que innova, instal\u00b7la i desenvolupa solucions de construcci\u00f3. Adaptant-se als canvis constants del mercat ia les necessitats del nou consumidor.<\/h2>\t\t\t\t<\/div>\n\t\t\t\t<\/div>\n\t\t\t\t<div class=\"elementor-element elementor-element-2579a0a0 elementor-widget elementor-widget-text-editor\" data-id=\"2579a0a0\" data-element_type=\"widget\" data-e-type=\"widget\" data-widget_type=\"text-editor.default\">\n\t\t\t\t<div class=\"elementor-widget-container\">\n\t\t\t\t\t\t\t\t\t<p style=\"font-weight: 400;\">StarModul continua creixent a bon ritme i aposta per la franqu\u00edcia per continuar amb la seva expansi\u00f3 nacional i compartir la seva experi\u00e8ncia i saber fer oferint a l&#8217;emprenedor un model innovador i rendible. La franqu\u00edcia ha revolucionat el sector de la petita i mitjana construcci\u00f3 gr\u00e0cies al desenvolupament i la patent d&#8217;un m\u00e8tode pioner.<\/p>\n<p style=\"font-weight: 400;\">La companyia porta des del 1997 investigant, innovant, instal\u00b7lant i realitzant solucions constructives, adaptant-se als canvis constants del mercat i les necessitats del nou consumidor. Amb m\u00e9s de 25 anys d&#8217;experi\u00e8ncia, StarModul s&#8217;ha consolidat com un referent al sector de la construcci\u00f3 gr\u00e0cies al sistema per al\u00e7ar i aixecar estructures lleugeres, sense soldadura. Una fita al sector de la construcci\u00f3 que ha portat la companyia a liderar el mercat gr\u00e0cies al seu exclusiu sistema de subjeccions cargolades, patentades a tot el m\u00f3n.<\/p>\n<p style=\"font-weight: 400;\">Aquestes subjeccions permeten una construcci\u00f3 c\u00f2moda, r\u00e0pida i rendible, rebaixant els costos de construcci\u00f3 en un 40%. Aix\u00ed mateix, permet edificar habitatges de dues al\u00e7ades, a m\u00e9s de qualsevol altre element constructiu.<\/p>\n<p style=\"font-weight: 400;\">L&#8217;experi\u00e8ncia i la posici\u00f3 consolidada de la firma li ha perm\u00e8s desenvolupar sistemes eficients basats en l&#8217;estandarditzaci\u00f3 industrial. Per completar cada projecte, l&#8217;ensenya disposa de col\u00b7laboradors i solucions complement\u00e0ries que permeten oferir un servei 360 als clients, prioritzant l&#8217;efici\u00e8ncia i la qualitat.<\/p>\n\t\t\t\t\t\t\t\t<\/div>\n\t\t\t\t<\/div>\n\t\t\t\t<div class=\"elementor-element elementor-element-3c922c91 elementor-align-center elementor-mobile-align-justify elementor-widget elementor-widget-button\" data-id=\"3c922c91\" data-element_type=\"widget\" data-e-type=\"widget\" data-widget_type=\"button.default\">\n\t\t\t\t<div class=\"elementor-widget-container\">\n\t\t\t\t\t\t\t\t\t<div class=\"elementor-button-wrapper\">\n\t\t\t\t\t<a class=\"elementor-button elementor-button-link elementor-size-sm\" href=\"https:\/\/casa-industrializada.com\/contacto\/\">\n\t\t\t\t\t\t<span class=\"elementor-button-content-wrapper\">\n\t\t\t\t\t\t\t\t\t<span class=\"elementor-button-text\">Contacta amb nosaltres<\/span>\n\t\t\t\t\t<\/span>\n\t\t\t\t\t<\/a>\n\t\t\t\t<\/div>\n\t\t\t\t\t\t\t\t<\/div>\n\t\t\t\t<\/div>\n\t\t\t\t\t<\/div>\n\t\t<\/div>\n\t\t\t\t\t<\/div>\n\t\t<\/section>\n\t\t\t\t<section class=\"elementor-section elementor-top-section elementor-element elementor-element-19907d41 elementor-section-boxed elementor-section-height-default elementor-section-height-default\" data-id=\"19907d41\" data-element_type=\"section\" data-e-type=\"section\" data-settings=\"{&quot;jet_parallax_layout_list&quot;:[],&quot;background_background&quot;:&quot;classic&quot;}\">\n\t\t\t\t\t\t<div class=\"elementor-container elementor-column-gap-default\">\n\t\t\t\t\t<div class=\"elementor-column elementor-col-100 elementor-top-column elementor-element elementor-element-bd29a\" data-id=\"bd29a\" data-element_type=\"column\" data-e-type=\"column\">\n\t\t\t<div class=\"elementor-widget-wrap elementor-element-populated\">\n\t\t\t\t\t\t<div class=\"elementor-element elementor-element-dcdf2fb elementor-widget elementor-widget-heading\" data-id=\"dcdf2fb\" data-element_type=\"widget\" data-e-type=\"widget\" data-widget_type=\"heading.default\">\n\t\t\t\t<div class=\"elementor-widget-container\">\n\t\t\t\t\t<h2 class=\"elementor-heading-title elementor-size-default\">Solucions per a estructures met\u00e0l\u00b7liques cargolades i modulars patentades en una \u00fanica franqu\u00edcia\n<\/h2>\t\t\t\t<\/div>\n\t\t\t\t<\/div>\n\t\t\t\t<div class=\"elementor-element elementor-element-2365c107 elementor-widget elementor-widget-text-editor\" data-id=\"2365c107\" data-element_type=\"widget\" data-e-type=\"widget\" data-widget_type=\"text-editor.default\">\n\t\t\t\t<div class=\"elementor-widget-container\">\n\t\t\t\t\t\t\t\t\t<p style=\"font-weight: 400;\">StarModul cerca ara franquiciats per a cada prov\u00edncia que comercialitzin i instal\u00b7lin els projectes que vagi rebent. Per a la seva expansi\u00f3 compten amb l&#8217;ajuda de la consultora especialitzada en franqu\u00edcies i creixement empresarial <a href=\"https:\/\/www.t4franquicias.com\/empresa\/nuestra-vision\/\" target=\"_blank\" rel=\"noopener\">T4 Franqu\u00edcies<\/a> . La central franquiciadora ofereix un complet i variat portfoli de productes i serveis a emprenedors interessats a comercialitzar les solucions m\u00e9s innovadores del mercat i aix\u00ed satisfer les altes exig\u00e8ncies de la ind\u00fastria. A partir d&#8217;una estructura senzilla \u2013un gerent comercial, dos instal\u00b7ladors i un suport administratiu\u2013, cada centre StarModul pot donar servei a milers de clients de la m\u00e0 d&#8217;una empresa reconeguda a tot el pa\u00eds. En paraules de Carlos Farr\u00e9, propietari de Starmodul, \u201cel perfil ideal \u00e9s el de professionals del sector constructiu o met\u00e0l\u00b7lic que busquin augmentar de manera exponencial la facturaci\u00f3. El nostre suport \u00e9s integral, de manera que l&#8217;associat es pugui centrar en la venda i la construcci\u00f3\u201d.<\/p>\n<p style=\"font-weight: 400;\">StarModul s&#8217;encarrega de dissenyar cada projecte que l&#8217;emprenedor ven perqu\u00e8 la seva tasca com a franquiciat sigui tan eficient com sigui possible. Des de 300m2 el franquiciat pot rendibilitzar la nau, amb costos m\u00ednims. Aix\u00f2 li proporcionar\u00e0 una elevada rendibilitat i permetr\u00e0 a l&#8217;emprenedor centrar-se a captar clients, evitant aix\u00ed despeses elevades o sup\u00e8rflues.<\/p>\n\t\t\t\t\t\t\t\t<\/div>\n\t\t\t\t<\/div>\n\t\t\t\t<div class=\"elementor-element elementor-element-27b88266 elementor-align-center elementor-mobile-align-justify elementor-widget elementor-widget-button\" data-id=\"27b88266\" data-element_type=\"widget\" data-e-type=\"widget\" data-widget_type=\"button.default\">\n\t\t\t\t<div class=\"elementor-widget-container\">\n\t\t\t\t\t\t\t\t\t<div class=\"elementor-button-wrapper\">\n\t\t\t\t\t<a class=\"elementor-button elementor-button-link elementor-size-sm\" href=\"https:\/\/starmodul.com\/wp-content\/uploads\/2023\/01\/Franquicia-StarModul.pdf\" target=\"_blank\" rel=\"noopener\">\n\t\t\t\t\t\t<span class=\"elementor-button-content-wrapper\">\n\t\t\t\t\t\t\t\t\t<span class=\"elementor-button-text\">descarregar pdf informatiu<\/span>\n\t\t\t\t\t<\/span>\n\t\t\t\t\t<\/a>\n\t\t\t\t<\/div>\n\t\t\t\t\t\t\t\t<\/div>\n\t\t\t\t<\/div>\n\t\t\t\t\t<\/div>\n\t\t<\/div>\n\t\t\t\t\t<\/div>\n\t\t<\/section>\n\t\t\t\t<\/div>\n\t\t","protected":false},"excerpt":{"rendered":"<p>Franqu\u00edcies StarModul Franqu\u00edcia StarModul de Reus Carrer Diversitat, 33, Pol\u00edgon Industrial Granja Vila \/ 43206 &#8211; Reus, Catalunya E-mail: info@starmodul.com Tel: +34 977 75 79 22 M\u00f2bil: +34 618 49 35 31 Franqu\u00edcia StarModul de Barcelona-Vall\u00e8s Avinguda del Vall\u00e8s, 306\/08227, Terrassa, Catalunya. Email: barcelonacentro@starmodul.com Tel: +34 931 427 080 Franqu\u00edcia StarModul d&#8217;Osca Oficines: Av. Jacetania [&hellip;]<\/p>\n","protected":false},"author":13,"featured_media":0,"parent":0,"menu_order":0,"comment_status":"closed","ping_status":"closed","template":"elementor_header_footer","meta":{"footnotes":""},"class_list":["post-7695","page","type-page","status-publish","hentry"],"_links":{"self":[{"href":"https:\/\/casa-industrializada.com\/ca\/wp-json\/wp\/v2\/pages\/7695","targetHints":{"allow":["GET"]}}],"collection":[{"href":"https:\/\/casa-industrializada.com\/ca\/wp-json\/wp\/v2\/pages"}],"about":[{"href":"https:\/\/casa-industrializada.com\/ca\/wp-json\/wp\/v2\/types\/page"}],"author":[{"embeddable":true,"href":"https:\/\/casa-industrializada.com\/ca\/wp-json\/wp\/v2\/users\/13"}],"replies":[{"embeddable":true,"href":"https:\/\/casa-industrializada.com\/ca\/wp-json\/wp\/v2\/comments?post=7695"}],"version-history":[{"count":0,"href":"https:\/\/casa-industrializada.com\/ca\/wp-json\/wp\/v2\/pages\/7695\/revisions"}],"wp:attachment":[{"href":"https:\/\/casa-industrializada.com\/ca\/wp-json\/wp\/v2\/media?parent=7695"}],"curies":[{"name":"wp","href":"https:\/\/api.w.org\/{rel}","templated":true}]}}