{"id":7692,"date":"2022-12-25T10:40:12","date_gmt":"2022-12-25T09:40:12","guid":{"rendered":"https:\/\/casa-industrializada.com\/politique-en-matiere-de-cookies\/"},"modified":"2023-11-24T15:34:50","modified_gmt":"2023-11-24T14:34:50","slug":"politique-en-matiere-de-cookies","status":"publish","type":"page","link":"https:\/\/casa-industrializada.com\/fr\/politique-en-matiere-de-cookies\/","title":{"rendered":"Politique en mati\u00e8re de cookies"},"content":{"rendered":"\t\t<div data-elementor-type=\"wp-page\" data-elementor-id=\"7692\" class=\"elementor elementor-7692\" data-elementor-post-type=\"page\">\n\t\t\t\t\t\t<section class=\"elementor-section elementor-top-section elementor-element elementor-element-317c167 elementor-section-boxed elementor-section-height-default elementor-section-height-default\" data-id=\"317c167\" data-element_type=\"section\" data-e-type=\"section\" data-settings=\"{&quot;background_background&quot;:&quot;classic&quot;,&quot;jet_parallax_layout_list&quot;:[]}\">\n\t\t\t\t\t\t<div class=\"elementor-container elementor-column-gap-default\">\n\t\t\t\t\t<div class=\"elementor-column elementor-col-100 elementor-top-column elementor-element elementor-element-a70002e\" data-id=\"a70002e\" data-element_type=\"column\" data-e-type=\"column\">\n\t\t\t<div class=\"elementor-widget-wrap elementor-element-populated\">\n\t\t\t\t\t\t<div class=\"elementor-element elementor-element-40bd93a elementor-widget elementor-widget-heading\" data-id=\"40bd93a\" data-element_type=\"widget\" data-e-type=\"widget\" data-widget_type=\"heading.default\">\n\t\t\t\t<div class=\"elementor-widget-container\">\n\t\t\t\t\t<h2 class=\"elementor-heading-title elementor-size-default\">Politique en mati\u00e8re de cookies<\/h2>\t\t\t\t<\/div>\n\t\t\t\t<\/div>\n\t\t\t\t\t<\/div>\n\t\t<\/div>\n\t\t\t\t\t<\/div>\n\t\t<\/section>\n\t\t\t\t<section class=\"elementor-section elementor-top-section elementor-element elementor-element-f23d4d5 elementor-section-boxed elementor-section-height-default elementor-section-height-default\" data-id=\"f23d4d5\" data-element_type=\"section\" data-e-type=\"section\" data-settings=\"{&quot;jet_parallax_layout_list&quot;:[]}\">\n\t\t\t\t\t\t<div class=\"elementor-container elementor-column-gap-default\">\n\t\t\t\t\t<div class=\"elementor-column elementor-col-100 elementor-top-column elementor-element elementor-element-0d5c967\" data-id=\"0d5c967\" data-element_type=\"column\" data-e-type=\"column\">\n\t\t\t<div class=\"elementor-widget-wrap elementor-element-populated\">\n\t\t\t\t\t\t<div class=\"elementor-element elementor-element-d613532 elementor-widget elementor-widget-text-editor\" data-id=\"d613532\" data-element_type=\"widget\" data-e-type=\"widget\" data-widget_type=\"text-editor.default\">\n\t\t\t\t<div class=\"elementor-widget-container\">\n\t\t\t\t\t\t\t\t\t<p>Ce site web utilise des cookies et\/ou des technologies similaires qui stockent et r\u00e9cup\u00e8rent des informations lorsque vous naviguez. Dans la pr\u00e9sente politique en mati\u00e8re de cookies, nous expliquons ce que sont les cookies, \u00e0 quoi ils servent et comment vous pouvez les configurer et\/ou les d\u00e9sactiver si vous le souhaitez. Nous vous indiquons \u00e9galement quels types de cookies sont utilis\u00e9s, et dans quel but, par l&rsquo;entreprise appartenant au Groupe Sanitas responsable du site Internet par le biais duquel vous avez acc\u00e9d\u00e9 \u00e0 la pr\u00e9sente Politique en mati\u00e8re de cookies (le \u00a0\u00bb Site Internet \u00ab\u00a0), qui est d\u00fbment identifi\u00e9e dans l&rsquo;Avis juridique qui y est contenu.  <\/p>\n<p>Nous vous invitons \u00e0 lire attentivement cette politique en mati\u00e8re de cookies.  <\/p>\n\t\t\t\t\t\t\t\t<\/div>\n\t\t\t\t<\/div>\n\t\t\t\t\t<\/div>\n\t\t<\/div>\n\t\t\t\t\t<\/div>\n\t\t<\/section>\n\t\t\t\t<section class=\"elementor-section elementor-top-section elementor-element elementor-element-093c60a elementor-section-boxed elementor-section-height-default elementor-section-height-default\" data-id=\"093c60a\" data-element_type=\"section\" data-e-type=\"section\" data-settings=\"{&quot;jet_parallax_layout_list&quot;:[],&quot;background_background&quot;:&quot;classic&quot;}\">\n\t\t\t\t\t\t<div class=\"elementor-container elementor-column-gap-default\">\n\t\t\t\t\t<div class=\"elementor-column elementor-col-100 elementor-top-column elementor-element elementor-element-ee0b2dd\" data-id=\"ee0b2dd\" data-element_type=\"column\" data-e-type=\"column\">\n\t\t\t<div class=\"elementor-widget-wrap elementor-element-populated\">\n\t\t\t\t\t\t<div class=\"elementor-element elementor-element-4157986 elementor-widget elementor-widget-heading\" data-id=\"4157986\" data-element_type=\"widget\" data-e-type=\"widget\" data-widget_type=\"heading.default\">\n\t\t\t\t<div class=\"elementor-widget-container\">\n\t\t\t\t\t<h2 class=\"elementor-heading-title elementor-size-default\">1) Qu'est-ce qu'un cookie et \u00e0 quoi sert-il ?  \n\n<\/h2>\t\t\t\t<\/div>\n\t\t\t\t<\/div>\n\t\t\t\t<div class=\"elementor-element elementor-element-7ff2154 elementor-widget elementor-widget-text-editor\" data-id=\"7ff2154\" data-element_type=\"widget\" data-e-type=\"widget\" data-widget_type=\"text-editor.default\">\n\t\t\t\t<div class=\"elementor-widget-container\">\n\t\t\t\t\t\t\t\t\t<p>Les cookies sont des dispositifs de stockage et de r\u00e9cup\u00e9ration de donn\u00e9es qui sont utilis\u00e9s sur votre appareil (par exemple votre ordinateur, votre tablette ou votre t\u00e9l\u00e9phone portable) pour stocker des informations et r\u00e9cup\u00e9rer des informations d\u00e9j\u00e0 stock\u00e9es. Les cookies sont utilis\u00e9s pour garantir la qualit\u00e9, la convivialit\u00e9 et le bon fonctionnement des sites web, ainsi que pour stocker et r\u00e9cup\u00e9rer des informations sur les habitudes de navigation et personnaliser leur contenu, et peuvent parfois \u00eatre utilis\u00e9s pour reconna\u00eetre l&rsquo;utilisateur d&rsquo;un site web.  <\/p>\n<p>Les cookies sont donc essentiels au fonctionnement d&rsquo;Internet et ne pr\u00e9sentent aucun risque pour votre ordinateur ou votre appareil. En outre, ils peuvent nous aider \u00e0 reconna\u00eetre la n\u00e9cessit\u00e9 d&rsquo;am\u00e9liorer certaines parties du site web et \u00e0 d\u00e9tecter des dysfonctionnements.<\/p>\n\t\t\t\t\t\t\t\t<\/div>\n\t\t\t\t<\/div>\n\t\t\t\t\t<\/div>\n\t\t<\/div>\n\t\t\t\t\t<\/div>\n\t\t<\/section>\n\t\t\t\t<section class=\"elementor-section elementor-top-section elementor-element elementor-element-24cf5ee elementor-section-boxed elementor-section-height-default elementor-section-height-default\" data-id=\"24cf5ee\" data-element_type=\"section\" data-e-type=\"section\" data-settings=\"{&quot;jet_parallax_layout_list&quot;:[]}\">\n\t\t\t\t\t\t<div class=\"elementor-container elementor-column-gap-default\">\n\t\t\t\t\t<div class=\"elementor-column elementor-col-100 elementor-top-column elementor-element elementor-element-547555a\" data-id=\"547555a\" data-element_type=\"column\" data-e-type=\"column\">\n\t\t\t<div class=\"elementor-widget-wrap elementor-element-populated\">\n\t\t\t\t\t\t<div class=\"elementor-element elementor-element-fff86d8 elementor-widget elementor-widget-heading\" data-id=\"fff86d8\" data-element_type=\"widget\" data-e-type=\"widget\" data-widget_type=\"heading.default\">\n\t\t\t\t<div class=\"elementor-widget-container\">\n\t\t\t\t\t<h2 class=\"elementor-heading-title elementor-size-default\">2. quels sont les types de cookies utilis\u00e9s sur ce site web et quel est leur objectif ?  \n\n<\/h2>\t\t\t\t<\/div>\n\t\t\t\t<\/div>\n\t\t\t\t<div class=\"elementor-element elementor-element-00c0cd2 elementor-widget elementor-widget-text-editor\" data-id=\"00c0cd2\" data-element_type=\"widget\" data-e-type=\"widget\" data-widget_type=\"text-editor.default\">\n\t\t\t\t<div class=\"elementor-widget-container\">\n\t\t\t\t\t\t\t\t\t<p>Vous trouverez ci-dessous des informations sur les diff\u00e9rents types de cookies que nous utilisons sur le site web.  <\/p>\n<ul>\n<li>Cookies techniques : il s&rsquo;agit des cookies qui vous permettent de naviguer sur le Site et d&rsquo;utiliser ses diff\u00e9rentes fonctionnalit\u00e9s et services, par exemple, la connexion avec votre identifiant, la m\u00e9morisation des \u00e9l\u00e9ments constitutifs d&rsquo;une commande, la r\u00e9alisation d&rsquo;un processus d&rsquo;achat, la gestion d&rsquo;un paiement, le contr\u00f4le des fraudes li\u00e9es \u00e0 la s\u00e9curit\u00e9 du service. Ces cookies sont automatiquement install\u00e9s sur votre appareil.  <\/li>\n<li>Cookies de pr\u00e9f\u00e9rence ou de personnalisation : il s&rsquo;agit de cookies qui vous permettent de m\u00e9moriser des informations afin que vous puissiez acc\u00e9der au site Web avec des caract\u00e9ristiques qui peuvent diff\u00e9rencier votre exp\u00e9rience de celle d&rsquo;autres utilisateurs, comme, par exemple, l&rsquo;apparence ou le contenu du site Web ou sa langue (si vous avez cette option), qui peuvent varier en fonction du type de navigateur que vous utilisez.  <\/li>\n<li>Cookies d&rsquo;analyse ou de mesure : il s&rsquo;agit de cookies qui permettent de suivre et d&rsquo;analyser votre comportement sur le site web. Ces informations permettent de mesurer et d&rsquo;analyser l&rsquo;activit\u00e9 du site Internet, dans le but d&rsquo;apporter les am\u00e9liorations n\u00e9cessaires au site Internet sur la base de l&rsquo;analyse des donn\u00e9es de navigation collect\u00e9es.  <\/li>\n<li>Cookies de publicit\u00e9 comportementale : il s&rsquo;agit de cookies qui stockent des informations sur le comportement des utilisateurs obtenues gr\u00e2ce \u00e0 l&rsquo;observation continue de leurs habitudes de navigation, ce qui permet de d\u00e9velopper un profil sp\u00e9cifique afin d&rsquo;afficher de la publicit\u00e9 bas\u00e9e sur ce dernier.  <\/li>\n<\/ul>\n<p>Vous pouvez consulter la liste des cookies utilis\u00e9s par le site Web que vous visitez, ainsi que les caract\u00e9ristiques de ces cookies, dans la section 4 de la pr\u00e9sente politique : \u00ab\u00a0Liste des cookies\u00a0\u00bb.  <\/p>\n\t\t\t\t\t\t\t\t<\/div>\n\t\t\t\t<\/div>\n\t\t\t\t\t<\/div>\n\t\t<\/div>\n\t\t\t\t\t<\/div>\n\t\t<\/section>\n\t\t\t\t<section class=\"elementor-section elementor-top-section elementor-element elementor-element-dab5026 elementor-section-boxed elementor-section-height-default elementor-section-height-default\" data-id=\"dab5026\" data-element_type=\"section\" data-e-type=\"section\" data-settings=\"{&quot;jet_parallax_layout_list&quot;:[],&quot;background_background&quot;:&quot;classic&quot;}\">\n\t\t\t\t\t\t<div class=\"elementor-container elementor-column-gap-default\">\n\t\t\t\t\t<div class=\"elementor-column elementor-col-100 elementor-top-column elementor-element elementor-element-abd5df8\" data-id=\"abd5df8\" data-element_type=\"column\" data-e-type=\"column\">\n\t\t\t<div class=\"elementor-widget-wrap elementor-element-populated\">\n\t\t\t\t\t\t<div class=\"elementor-element elementor-element-9cfae3d elementor-widget elementor-widget-heading\" data-id=\"9cfae3d\" data-element_type=\"widget\" data-e-type=\"widget\" data-widget_type=\"heading.default\">\n\t\t\t\t<div class=\"elementor-widget-container\">\n\t\t\t\t\t<h2 class=\"elementor-heading-title elementor-size-default\">3. comment pouvez-vous installer des cookies sur le site web ?  \n<\/h2>\t\t\t\t<\/div>\n\t\t\t\t<\/div>\n\t\t\t\t<div class=\"elementor-element elementor-element-ba5f471 elementor-widget elementor-widget-text-editor\" data-id=\"ba5f471\" data-element_type=\"widget\" data-e-type=\"widget\" data-widget_type=\"text-editor.default\">\n\t\t\t\t<div class=\"elementor-widget-container\">\n\t\t\t\t\t\t\t\t\t<p><b>3.1. Param\u00e9trage des cookies via le centre de param\u00e9trage des cookies<\/b> <\/p>\n<p>Vous pouvez accepter ou refuser l&rsquo;utilisation de cookies par le biais du centre de param\u00e9trage des cookies que nous mettons \u00e0 votre disposition et auquel vous pouvez acc\u00e9der \u00e0 la fois par le biais du message d&rsquo;information de base sur les cookies qui appara\u00eet lors de votre premi\u00e8re visite sur le site Web et lorsqu&rsquo;il vous est demand\u00e9 de mettre \u00e0 jour votre consentement, et par le lien suivant, qui vous dirigera vers le centre de param\u00e9trage des cookies : param\u00e9trer ou refuser l&rsquo;utilisation de cookies.  <\/p>\n<p>Veuillez noter que si vous acceptez les cookies de tiers, vous devez les supprimer, si vous le souhaitez, directement via les options de gestion des cookies de votre navigateur, comme expliqu\u00e9 au point 3.2 ci-dessous.  <\/p>\n<\/p>\n<p><b>3.2. Configuration des cookies par le biais de votre navigateur<\/b> <\/p>\n<p>Vous pouvez \u00e0 tout moment autoriser, bloquer ou supprimer les cookies install\u00e9s sur votre ordinateur gr\u00e2ce aux options fournies par le navigateur que vous utilisez. Nous vous expliquons comment proc\u00e9der :  <\/p>\n<ul>\n<li>Si vous utilisez Microsoft Internet Explorer : cliquez sur le bouton Outils dans Internet Explorer, puis sur Options Internet &gt; Confidentialit\u00e9 &gt; Param\u00e8tres &gt; OK. Pour plus d&rsquo;informations, cliquez <a href=\"https:\/\/support.microsoft.com\/es-es\/help\/17442\/windows-internet-explorer-delete-manage-cookies\" target=\"_blank\" rel=\"noopener\">ici<\/a> <\/li>\n<li>Si vous utilisez Firefox : cliquez sur le bouton Firefox et s\u00e9lectionnez Options &gt; Privacy &gt; Use custom settings for history &gt; Cochez l&rsquo;option Accept cookies pour activer les cookies, d\u00e9cochez-la pour les d\u00e9sactiver &gt; Choisissez la dur\u00e9e de stockage des cookies &gt; OK. Pour plus d&rsquo;informations, cliquez <a href=\"https:\/\/support.mozilla.org\/es\/products\/firefox\/privacy-and-security\" target=\"_blank\" rel=\"noopener\">ici<\/a> <\/li>\n<li>Si vous utilisez Google Chrome : cliquez sur le menu Chrome dans la barre d&rsquo;outils du navigateur &gt; Param\u00e8tres &gt; Afficher les options avanc\u00e9es &gt; Dans la section \u00ab\u00a0Vie priv\u00e9e\u00a0\u00bb, cliquez sur Param\u00e8tres de contenu &gt; Dans la section \u00ab\u00a0Cookies\u00a0\u00bb, vous pouvez configurer les cookies. Pour plus d&rsquo;informations, cliquez <a href=\"https:\/\/support.google.com\/chrome\/answer\/95647?hl=es\" target=\"_blank\" rel=\"noopener\">ici<\/a> <\/li>\n<li>Si vous utilisez Safari : allez dans Pr\u00e9f\u00e9rences et, dans le panneau Confidentialit\u00e9, choisissez Bloquer les cookies et s\u00e9lectionnez l&rsquo;option que vous pr\u00e9f\u00e9rez parmi celles propos\u00e9es par le navigateur. Pour plus d&rsquo;informations, cliquez <a href=\"https:\/\/support.apple.com\/es-es\/guide\/safari\/sfri11471\/mac\" target=\"_blank\" rel=\"noopener\">ici<\/a> <\/li>\n<li>Si vous utilisez Opera : cliquez sur Param\u00e8tres &gt; Options &gt; Avanc\u00e9 &gt; Cookies. Pour plus d&rsquo;informations, cliquez <a href=\"https:\/\/help.opera.com\/en\/latest\/web-preferences\/#cookies\" target=\"_blank\" rel=\"noopener\">ici<\/a> <\/li>\n<li>Si vous utilisez un iPhone ou un iPad : depuis l&rsquo;\u00e9cran d&rsquo;accueil, s\u00e9lectionnez Param\u00e8tres &gt; Safari, puis choisissez vos param\u00e8tres pr\u00e9f\u00e9r\u00e9s. Pour plus d&rsquo;informations, cliquez <a href=\"https:\/\/support.apple.com\/es-es\/HT201265\" target=\"_blank\" rel=\"noopener\">ici<\/a> <\/li>\n<li>Si vous utilisez Android : cliquez sur Menu &gt; Param\u00e8tres &gt; S\u00e9curit\u00e9 et confidentialit\u00e9 &gt; activez ou d\u00e9sactivez la case \u00e0 cocher \u00ab\u00a0Accepter les cookies\u00a0\u00bb &gt; Red\u00e9marrez le navigateur pour que les changements prennent effet.  <\/li>\n<li>Si vous utilisez Windows Phone : dans Internet Explorer, cliquez sur More &gt; Settings. Vous pouvez \u00e9galement acc\u00e9der aux param\u00e8tres d&rsquo;Internet Explorer via Param\u00e8tres dans la liste des applications. S\u00e9lectionnez ou d\u00e9sactivez l&rsquo;option Autoriser les cookies.  <\/li>\n<\/ul>\n\t\t\t\t\t\t\t\t<\/div>\n\t\t\t\t<\/div>\n\t\t\t\t\t<\/div>\n\t\t<\/div>\n\t\t\t\t\t<\/div>\n\t\t<\/section>\n\t\t\t\t<section class=\"elementor-section elementor-top-section elementor-element elementor-element-941678d elementor-section-boxed elementor-section-height-default elementor-section-height-default\" data-id=\"941678d\" data-element_type=\"section\" data-e-type=\"section\" data-settings=\"{&quot;jet_parallax_layout_list&quot;:[]}\">\n\t\t\t\t\t\t<div class=\"elementor-container elementor-column-gap-default\">\n\t\t\t\t\t<div class=\"elementor-column elementor-col-100 elementor-top-column elementor-element elementor-element-41db047\" data-id=\"41db047\" data-element_type=\"column\" data-e-type=\"column\">\n\t\t\t<div class=\"elementor-widget-wrap elementor-element-populated\">\n\t\t\t\t\t\t<div class=\"elementor-element elementor-element-13c2338 elementor-widget elementor-widget-heading\" data-id=\"13c2338\" data-element_type=\"widget\" data-e-type=\"widget\" data-widget_type=\"heading.default\">\n\t\t\t\t<div class=\"elementor-widget-container\">\n\t\t\t\t\t<h2 class=\"elementor-heading-title elementor-size-default\">4. Informations compl\u00e9mentaires  \n\n<\/h2>\t\t\t\t<\/div>\n\t\t\t\t<\/div>\n\t\t\t\t<div class=\"elementor-element elementor-element-021ee4a elementor-widget elementor-widget-text-editor\" data-id=\"021ee4a\" data-element_type=\"widget\" data-e-type=\"widget\" data-widget_type=\"text-editor.default\">\n\t\t\t\t<div class=\"elementor-widget-container\">\n\t\t\t\t\t\t\t\t\t<p>Vous pouvez consulter des informations suppl\u00e9mentaires sur le traitement de vos informations, en particulier sur vos droits et la mani\u00e8re de les exercer, dans l&rsquo;avis juridique et la politique de confidentialit\u00e9 que vous trouverez disponibles par le biais du lien en bas de page du site Web, que nous vous invitons \u00e0 consulter.  <\/p>\n\t\t\t\t\t\t\t\t<\/div>\n\t\t\t\t<\/div>\n\t\t\t\t\t<\/div>\n\t\t<\/div>\n\t\t\t\t\t<\/div>\n\t\t<\/section>\n\t\t\t\t<\/div>\n\t\t","protected":false},"excerpt":{"rendered":"<p>Politique en mati\u00e8re de cookies Ce site web utilise des cookies et\/ou des technologies similaires qui stockent et r\u00e9cup\u00e8rent des informations lorsque vous naviguez. Dans la pr\u00e9sente politique en mati\u00e8re de cookies, nous expliquons ce que sont les cookies, \u00e0 quoi ils servent et comment vous pouvez les configurer et\/ou les d\u00e9sactiver si vous le [&hellip;]<\/p>\n","protected":false},"author":13,"featured_media":0,"parent":0,"menu_order":0,"comment_status":"closed","ping_status":"closed","template":"elementor_header_footer","meta":{"footnotes":""},"class_list":["post-7692","page","type-page","status-publish","hentry"],"_links":{"self":[{"href":"https:\/\/casa-industrializada.com\/fr\/wp-json\/wp\/v2\/pages\/7692","targetHints":{"allow":["GET"]}}],"collection":[{"href":"https:\/\/casa-industrializada.com\/fr\/wp-json\/wp\/v2\/pages"}],"about":[{"href":"https:\/\/casa-industrializada.com\/fr\/wp-json\/wp\/v2\/types\/page"}],"author":[{"embeddable":true,"href":"https:\/\/casa-industrializada.com\/fr\/wp-json\/wp\/v2\/users\/13"}],"replies":[{"embeddable":true,"href":"https:\/\/casa-industrializada.com\/fr\/wp-json\/wp\/v2\/comments?post=7692"}],"version-history":[{"count":0,"href":"https:\/\/casa-industrializada.com\/fr\/wp-json\/wp\/v2\/pages\/7692\/revisions"}],"wp:attachment":[{"href":"https:\/\/casa-industrializada.com\/fr\/wp-json\/wp\/v2\/media?parent=7692"}],"curies":[{"name":"wp","href":"https:\/\/api.w.org\/{rel}","templated":true}]}}