{"id":7736,"date":"2022-12-22T15:24:53","date_gmt":"2022-12-22T14:24:53","guid":{"rendered":"https:\/\/casa-industrializada.com\/franchises\/"},"modified":"2026-02-06T02:06:23","modified_gmt":"2026-02-06T01:06:23","slug":"franchises","status":"publish","type":"page","link":"https:\/\/casa-industrializada.com\/fr\/franchises\/","title":{"rendered":"Franchises"},"content":{"rendered":"\t\t<div data-elementor-type=\"wp-page\" data-elementor-id=\"7736\" class=\"elementor elementor-7736\" data-elementor-post-type=\"page\">\n\t\t\t\t\t\t<section class=\"elementor-section elementor-top-section elementor-element elementor-element-7611e277 elementor-section-boxed elementor-section-height-default elementor-section-height-default\" data-id=\"7611e277\" data-element_type=\"section\" data-e-type=\"section\" data-settings=\"{&quot;background_background&quot;:&quot;classic&quot;,&quot;jet_parallax_layout_list&quot;:[]}\">\n\t\t\t\t\t\t<div class=\"elementor-container elementor-column-gap-default\">\n\t\t\t\t\t<div class=\"elementor-column elementor-col-100 elementor-top-column elementor-element elementor-element-1cec0185\" data-id=\"1cec0185\" data-element_type=\"column\" data-e-type=\"column\">\n\t\t\t<div class=\"elementor-widget-wrap elementor-element-populated\">\n\t\t\t\t\t\t<div class=\"elementor-element elementor-element-71de0f08 elementor-widget elementor-widget-heading\" data-id=\"71de0f08\" data-element_type=\"widget\" data-e-type=\"widget\" data-widget_type=\"heading.default\">\n\t\t\t\t<div class=\"elementor-widget-container\">\n\t\t\t\t\t<h2 class=\"elementor-heading-title elementor-size-default\">Franchises StarModul<\/h2>\t\t\t\t<\/div>\n\t\t\t\t<\/div>\n\t\t\t\t\t<\/div>\n\t\t<\/div>\n\t\t\t\t\t<\/div>\n\t\t<\/section>\n\t\t\t\t<section class=\"elementor-section elementor-top-section elementor-element elementor-element-75bed869 elementor-section-boxed elementor-section-height-default elementor-section-height-default\" data-id=\"75bed869\" data-element_type=\"section\" data-e-type=\"section\" data-settings=\"{&quot;jet_parallax_layout_list&quot;:[]}\">\n\t\t\t\t\t\t<div class=\"elementor-container elementor-column-gap-default\">\n\t\t\t\t\t<div class=\"elementor-column elementor-col-25 elementor-top-column elementor-element elementor-element-7dde700a\" data-id=\"7dde700a\" data-element_type=\"column\" data-e-type=\"column\">\n\t\t\t<div class=\"elementor-widget-wrap elementor-element-populated\">\n\t\t\t\t\t\t<div class=\"elementor-element elementor-element-27af09b8 elementor-widget elementor-widget-google_maps\" data-id=\"27af09b8\" data-element_type=\"widget\" data-e-type=\"widget\" data-widget_type=\"google_maps.default\">\n\t\t\t\t<div class=\"elementor-widget-container\">\n\t\t\t\t\t\t\t<div class=\"elementor-custom-embed\">\n\t\t\t<iframe loading=\"lazy\"\n\t\t\t\t\tsrc=\"https:\/\/maps.google.com\/maps?q=Carrer%20diversitat%2033%2C%20&#038;t=m&#038;z=12&#038;output=embed&#038;iwloc=near\"\n\t\t\t\t\ttitle=\"Carrer diversitat 33, \"\n\t\t\t\t\taria-label=\"Carrer diversitat 33, \"\n\t\t\t><\/iframe>\n\t\t<\/div>\n\t\t\t\t\t\t<\/div>\n\t\t\t\t<\/div>\n\t\t\t\t<div class=\"elementor-element elementor-element-6fca4ff0 elementor-widget elementor-widget-heading\" data-id=\"6fca4ff0\" data-element_type=\"widget\" data-e-type=\"widget\" data-widget_type=\"heading.default\">\n\t\t\t\t<div class=\"elementor-widget-container\">\n\t\t\t\t\t<h2 class=\"elementor-heading-title elementor-size-default\">La franchise StarModul \u00e0 Reus<\/h2>\t\t\t\t<\/div>\n\t\t\t\t<\/div>\n\t\t\t\t<div class=\"elementor-element elementor-element-622bae45 elementor-widget elementor-widget-text-editor\" data-id=\"622bae45\" data-element_type=\"widget\" data-e-type=\"widget\" data-widget_type=\"text-editor.default\">\n\t\t\t\t<div class=\"elementor-widget-container\">\n\t\t\t\t\t\t\t\t\t<ul>\n<li>Carrer Diversitat, 33, Pol\u00edgono Industrial Granja Vila \/ 43206 &#8211; Reus, Catalunya<\/li>\n<li><strong>Courriel :<\/strong> info@starmodul.com<\/li>\n<li><strong>Tel :<\/strong> +34 977 75 79 22<\/li>\n<li><strong>Mobile :<\/strong> +34 618 49 35 31<\/li>\n<\/ul>\n\t\t\t\t\t\t\t\t<\/div>\n\t\t\t\t<\/div>\n\t\t\t\t\t<\/div>\n\t\t<\/div>\n\t\t\t\t<div class=\"elementor-column elementor-col-25 elementor-top-column elementor-element elementor-element-2318c2fa\" data-id=\"2318c2fa\" data-element_type=\"column\" data-e-type=\"column\">\n\t\t\t<div class=\"elementor-widget-wrap elementor-element-populated\">\n\t\t\t\t\t\t<div class=\"elementor-element elementor-element-64005507 elementor-widget elementor-widget-google_maps\" data-id=\"64005507\" data-element_type=\"widget\" data-e-type=\"widget\" data-widget_type=\"google_maps.default\">\n\t\t\t\t<div class=\"elementor-widget-container\">\n\t\t\t\t\t\t\t<div class=\"elementor-custom-embed\">\n\t\t\t<iframe loading=\"lazy\"\n\t\t\t\t\tsrc=\"https:\/\/maps.google.com\/maps?q=Avinguda%20del%20Vall%C3%A8s%2C%20306%20%2F%2008227%20-%20Terrassa%20-%20Catalunya&#038;t=m&#038;z=12&#038;output=embed&#038;iwloc=near\"\n\t\t\t\t\ttitle=\"Avinguda del Vall\u00e8s, 306 \/ 08227 - Terrassa - Catalunya\"\n\t\t\t\t\taria-label=\"Avinguda del Vall\u00e8s, 306 \/ 08227 - Terrassa - Catalunya\"\n\t\t\t><\/iframe>\n\t\t<\/div>\n\t\t\t\t\t\t<\/div>\n\t\t\t\t<\/div>\n\t\t\t\t<div class=\"elementor-element elementor-element-8cdc8fa elementor-widget elementor-widget-heading\" data-id=\"8cdc8fa\" data-element_type=\"widget\" data-e-type=\"widget\" data-widget_type=\"heading.default\">\n\t\t\t\t<div class=\"elementor-widget-container\">\n\t\t\t\t\t<h2 class=\"elementor-heading-title elementor-size-default\">Franchise StarModul \u00e0 Barcelone-Vall\u00e8s\n<\/h2>\t\t\t\t<\/div>\n\t\t\t\t<\/div>\n\t\t\t\t<div class=\"elementor-element elementor-element-18d36382 elementor-widget elementor-widget-text-editor\" data-id=\"18d36382\" data-element_type=\"widget\" data-e-type=\"widget\" data-widget_type=\"text-editor.default\">\n\t\t\t\t<div class=\"elementor-widget-container\">\n\t\t\t\t\t\t\t\t\t<ul>\n<li><span style=\"color: #444444;\">Avinguda del Vall\u00e8s, 306 \/ 08227, Terrassa, Catalogne.<\/span><\/li>\n<li><span style=\"color: #444444;\"><strong>Courriel :<\/strong> <a style=\"color: #444444;\" href=\"mailto:barcelonacentro@starmodul.com\">barcelonacentro@starmodul.com<\/a><\/span><\/li>\n<li><span style=\"color: #444444;\"><strong>Tel :<\/strong> <a style=\"color: #444444;\" href=\"tel:+34931427080\">+34 931 427 080<\/a><\/span><\/li>\n<\/ul>\n\t\t\t\t\t\t\t\t<\/div>\n\t\t\t\t<\/div>\n\t\t\t\t\t<\/div>\n\t\t<\/div>\n\t\t\t\t<div class=\"elementor-column elementor-col-25 elementor-top-column elementor-element elementor-element-459e7d44\" data-id=\"459e7d44\" data-element_type=\"column\" data-e-type=\"column\">\n\t\t\t<div class=\"elementor-widget-wrap elementor-element-populated\">\n\t\t\t\t\t\t<div class=\"elementor-element elementor-element-68064d22 elementor-widget elementor-widget-google_maps\" data-id=\"68064d22\" data-element_type=\"widget\" data-e-type=\"widget\" data-widget_type=\"google_maps.default\">\n\t\t\t\t<div class=\"elementor-widget-container\">\n\t\t\t\t\t\t\t<div class=\"elementor-custom-embed\">\n\t\t\t<iframe loading=\"lazy\"\n\t\t\t\t\tsrc=\"https:\/\/maps.google.com\/maps?q=Av.%20Jacetania%2024%20%2F%2022700%20-%20Jaca%20-%20Huesca&#038;t=m&#038;z=12&#038;output=embed&#038;iwloc=near\"\n\t\t\t\t\ttitle=\"Av. Jacetania 24 \/ 22700 - Jaca - Huesca\"\n\t\t\t\t\taria-label=\"Av. Jacetania 24 \/ 22700 - Jaca - Huesca\"\n\t\t\t><\/iframe>\n\t\t<\/div>\n\t\t\t\t\t\t<\/div>\n\t\t\t\t<\/div>\n\t\t\t\t<div class=\"elementor-element elementor-element-ee4b554 elementor-widget elementor-widget-heading\" data-id=\"ee4b554\" data-element_type=\"widget\" data-e-type=\"widget\" data-widget_type=\"heading.default\">\n\t\t\t\t<div class=\"elementor-widget-container\">\n\t\t\t\t\t<h2 class=\"elementor-heading-title elementor-size-default\">Franchise StarModul \u00e0 Huesca<\/h2>\t\t\t\t<\/div>\n\t\t\t\t<\/div>\n\t\t\t\t<div class=\"elementor-element elementor-element-866b93e elementor-widget elementor-widget-text-editor\" data-id=\"866b93e\" data-element_type=\"widget\" data-e-type=\"widget\" data-widget_type=\"text-editor.default\">\n\t\t\t\t<div class=\"elementor-widget-container\">\n\t\t\t\t\t\t\t\t\t<ul>\n<li><span style=\"color: #444444;\"><strong>Bureaux :<\/strong> Av. Jacetania 24 \/ 22700, Jaca, Huesca.<\/span><\/li>\n<li><span style=\"color: #444444;\"><strong>B\u00e2timent industriel :<\/strong> C\/ R\u00edo Ara &#8211; Pol. Ind. Llano de la Victoria \/ 22700, Jaca, Huesca.<\/span><\/li>\n<li><span style=\"color: #444444;\"><strong>Courriel :<\/strong> <a style=\"color: #444444;\" href=\"mailto:huesca@starmodul.com\">huesca@starmodul.com<\/a><\/span><\/li>\n<li><span style=\"color: #444444;\"><strong>T\u00e9l :<\/strong><a style=\"color: #444444;\" href=\"tel:+34680730313\"> +34 680 73 03 13<\/a><strong> \/ <\/strong><a style=\"color: #444444;\" href=\"tel:+34659468178\">+34 659 46 81 78<\/a><\/span><\/li>\n<\/ul>\n\t\t\t\t\t\t\t\t<\/div>\n\t\t\t\t<\/div>\n\t\t\t\t\t<\/div>\n\t\t<\/div>\n\t\t\t\t<div class=\"elementor-column elementor-col-25 elementor-top-column elementor-element elementor-element-7e94c2f2\" data-id=\"7e94c2f2\" data-element_type=\"column\" data-e-type=\"column\">\n\t\t\t<div class=\"elementor-widget-wrap elementor-element-populated\">\n\t\t\t\t\t\t<div class=\"elementor-element elementor-element-4001fe06 elementor-widget elementor-widget-google_maps\" data-id=\"4001fe06\" data-element_type=\"widget\" data-e-type=\"widget\" data-widget_type=\"google_maps.default\">\n\t\t\t\t<div class=\"elementor-widget-container\">\n\t\t\t\t\t\t\t<div class=\"elementor-custom-embed\">\n\t\t\t<iframe loading=\"lazy\"\n\t\t\t\t\tsrc=\"https:\/\/maps.google.com\/maps?q=Camino%20del%20Barco%2C%208%20%2F%2028700%20-%20Madrid&#038;t=m&#038;z=12&#038;output=embed&#038;iwloc=near\"\n\t\t\t\t\ttitle=\"Camino del Barco, 8 \/ 28700 - Madrid\"\n\t\t\t\t\taria-label=\"Camino del Barco, 8 \/ 28700 - Madrid\"\n\t\t\t><\/iframe>\n\t\t<\/div>\n\t\t\t\t\t\t<\/div>\n\t\t\t\t<\/div>\n\t\t\t\t<div class=\"elementor-element elementor-element-1ca88a21 elementor-widget elementor-widget-heading\" data-id=\"1ca88a21\" data-element_type=\"widget\" data-e-type=\"widget\" data-widget_type=\"heading.default\">\n\t\t\t\t<div class=\"elementor-widget-container\">\n\t\t\t\t\t<h2 class=\"elementor-heading-title elementor-size-default\">Franchise StarModul \u00e0 Madrid<\/h2>\t\t\t\t<\/div>\n\t\t\t\t<\/div>\n\t\t\t\t<div class=\"elementor-element elementor-element-26e6298f elementor-widget elementor-widget-text-editor\" data-id=\"26e6298f\" data-element_type=\"widget\" data-e-type=\"widget\" data-widget_type=\"text-editor.default\">\n\t\t\t\t<div class=\"elementor-widget-container\">\n\t\t\t\t\t\t\t\t\t<ul>\n<li><span style=\"color: #444444;\">Camino del Barco, 8 \/ 28700, Madrid.<\/span><\/li>\n<li><span style=\"color: #444444;\"><strong>Courriel :<\/strong> <a style=\"color: #444444;\" href=\"mailto:madrid1@starmodul.com\">madrid1@starmodul.com<\/a><\/span><\/li>\n<li><span style=\"color: #444444;\"><strong>Tel :<\/strong> <a style=\"color: #444444;\" href=\"tel:+34916511444\">+34 916 511 444<\/a><\/span><\/li>\n<\/ul>\n\t\t\t\t\t\t\t\t<\/div>\n\t\t\t\t<\/div>\n\t\t\t\t\t<\/div>\n\t\t<\/div>\n\t\t\t\t\t<\/div>\n\t\t<\/section>\n\t\t\t\t<section class=\"elementor-section elementor-top-section elementor-element elementor-element-69349e4b elementor-section-boxed elementor-section-height-default elementor-section-height-default\" data-id=\"69349e4b\" data-element_type=\"section\" data-e-type=\"section\" data-settings=\"{&quot;jet_parallax_layout_list&quot;:[]}\">\n\t\t\t\t\t\t<div class=\"elementor-container elementor-column-gap-default\">\n\t\t\t\t\t<div class=\"elementor-column elementor-col-100 elementor-top-column elementor-element elementor-element-67e95d56\" data-id=\"67e95d56\" data-element_type=\"column\" data-e-type=\"column\">\n\t\t\t<div class=\"elementor-widget-wrap elementor-element-populated\">\n\t\t\t\t\t\t<div class=\"elementor-element elementor-element-3854eb72 elementor-widget elementor-widget-heading\" data-id=\"3854eb72\" data-element_type=\"widget\" data-e-type=\"widget\" data-widget_type=\"heading.default\">\n\t\t\t\t<div class=\"elementor-widget-container\">\n\t\t\t\t\t<span class=\"elementor-heading-title elementor-size-default\">Franchises StarModul<\/span>\t\t\t\t<\/div>\n\t\t\t\t<\/div>\n\t\t\t\t<div class=\"elementor-element elementor-element-762f8912 elementor-widget elementor-widget-heading\" data-id=\"762f8912\" data-element_type=\"widget\" data-e-type=\"widget\" data-widget_type=\"heading.default\">\n\t\t\t\t<div class=\"elementor-widget-container\">\n\t\t\t\t\t<h2 class=\"elementor-heading-title elementor-size-default\">StarModul innove, installe et d\u00e9veloppe des solutions de construction depuis plus de 20 ans. S'adapter aux changements constants du march\u00e9 et aux besoins du nouveau consommateur.<\/h2>\t\t\t\t<\/div>\n\t\t\t\t<\/div>\n\t\t\t\t<div class=\"elementor-element elementor-element-2579a0a0 elementor-widget elementor-widget-text-editor\" data-id=\"2579a0a0\" data-element_type=\"widget\" data-e-type=\"widget\" data-widget_type=\"text-editor.default\">\n\t\t\t\t<div class=\"elementor-widget-container\">\n\t\t\t\t\t\t\t\t\t<p style=\"font-weight: 400;\">StarModul poursuit sa croissance \u00e0 un bon rythme et s&rsquo;engage dans la franchise pour continuer son expansion nationale et partager son exp\u00e9rience et son savoir-faire, en offrant aux entrepreneurs un mod\u00e8le innovant et rentable. La franchise a r\u00e9volutionn\u00e9 le secteur de la construction des petites et moyennes entreprises en d\u00e9veloppant et en brevetant une m\u00e9thode d&rsquo;avant-garde.<\/p>\n<p style=\"font-weight: 400;\">Depuis 1997, l&rsquo;entreprise recherche, innove, installe et met en \u0153uvre des solutions de construction, en s&rsquo;adaptant aux changements constants du march\u00e9 et aux besoins du nouveau consommateur. Avec plus de 25 ans d&rsquo;exp\u00e9rience, StarModul s&rsquo;est impos\u00e9 comme une r\u00e9f\u00e9rence dans le secteur de la construction gr\u00e2ce \u00e0 son syst\u00e8me de levage et de montage de structures l\u00e9g\u00e8res sans soudure. Une \u00e9tape importante dans le secteur de la construction qui a permis \u00e0 l&rsquo;entreprise de prendre la t\u00eate du march\u00e9 gr\u00e2ce \u00e0 son syst\u00e8me unique de fixation par boulons, brevet\u00e9 dans le monde entier.<\/p>\n<p style=\"font-weight: 400;\">Ces fixations permettent une construction pratique, rapide et rentable, r\u00e9duisant les co\u00fbts de construction de 40 %. Elle permet \u00e9galement la construction de logements \u00e0 deux \u00e9tages, en plus de tout autre \u00e9l\u00e9ment de construction.<\/p>\n<p style=\"font-weight: 400;\">L&rsquo;exp\u00e9rience et la position consolid\u00e9e de l&rsquo;entreprise lui ont permis de d\u00e9velopper des syst\u00e8mes efficaces bas\u00e9s sur la standardisation industrielle. Pour mener \u00e0 bien chaque projet, l&rsquo;entreprise dispose de partenaires et de solutions compl\u00e9mentaires qui lui permettent d&rsquo;offrir un service \u00e0 360\u00ba \u00e0 ses clients, en privil\u00e9giant l&rsquo;efficacit\u00e9 et la qualit\u00e9.<\/p>\n\t\t\t\t\t\t\t\t<\/div>\n\t\t\t\t<\/div>\n\t\t\t\t<div class=\"elementor-element elementor-element-3c922c91 elementor-align-center elementor-mobile-align-justify elementor-widget elementor-widget-button\" data-id=\"3c922c91\" data-element_type=\"widget\" data-e-type=\"widget\" data-widget_type=\"button.default\">\n\t\t\t\t<div class=\"elementor-widget-container\">\n\t\t\t\t\t\t\t\t\t<div class=\"elementor-button-wrapper\">\n\t\t\t\t\t<a class=\"elementor-button elementor-button-link elementor-size-sm\" href=\"https:\/\/casa-industrializada.com\/contacto\/\">\n\t\t\t\t\t\t<span class=\"elementor-button-content-wrapper\">\n\t\t\t\t\t\t\t\t\t<span class=\"elementor-button-text\">Nous contacter<\/span>\n\t\t\t\t\t<\/span>\n\t\t\t\t\t<\/a>\n\t\t\t\t<\/div>\n\t\t\t\t\t\t\t\t<\/div>\n\t\t\t\t<\/div>\n\t\t\t\t\t<\/div>\n\t\t<\/div>\n\t\t\t\t\t<\/div>\n\t\t<\/section>\n\t\t\t\t<section class=\"elementor-section elementor-top-section elementor-element elementor-element-19907d41 elementor-section-boxed elementor-section-height-default elementor-section-height-default\" data-id=\"19907d41\" data-element_type=\"section\" data-e-type=\"section\" data-settings=\"{&quot;jet_parallax_layout_list&quot;:[],&quot;background_background&quot;:&quot;classic&quot;}\">\n\t\t\t\t\t\t<div class=\"elementor-container elementor-column-gap-default\">\n\t\t\t\t\t<div class=\"elementor-column elementor-col-100 elementor-top-column elementor-element elementor-element-bd29a\" data-id=\"bd29a\" data-element_type=\"column\" data-e-type=\"column\">\n\t\t\t<div class=\"elementor-widget-wrap elementor-element-populated\">\n\t\t\t\t\t\t<div class=\"elementor-element elementor-element-dcdf2fb elementor-widget elementor-widget-heading\" data-id=\"dcdf2fb\" data-element_type=\"widget\" data-e-type=\"widget\" data-widget_type=\"heading.default\">\n\t\t\t\t<div class=\"elementor-widget-container\">\n\t\t\t\t\t<h2 class=\"elementor-heading-title elementor-size-default\">Solutions brevet\u00e9es de charpente m\u00e9tallique boulonn\u00e9e et modulaire en une seule franchise\n<\/h2>\t\t\t\t<\/div>\n\t\t\t\t<\/div>\n\t\t\t\t<div class=\"elementor-element elementor-element-2365c107 elementor-widget elementor-widget-text-editor\" data-id=\"2365c107\" data-element_type=\"widget\" data-e-type=\"widget\" data-widget_type=\"text-editor.default\">\n\t\t\t\t<div class=\"elementor-widget-container\">\n\t\t\t\t\t\t\t\t\t<p style=\"font-weight: 400;\">StarModul recherche maintenant des franchis\u00e9s pour chaque province afin de commercialiser et d&rsquo;installer les projets qu&rsquo;elle re\u00e7oit. Pour leur expansion, ils ont fait appel au cabinet de conseil sp\u00e9cialis\u00e9 dans les franchises et la croissance des entreprises, <a href=\"https:\/\/www.t4franquicias.com\/empresa\/nuestra-vision\/\" target=\"_blank\" rel=\"noopener\">T4 Franquicias<\/a>. Le centre de franchise offre un portefeuille complet et vari\u00e9 de produits et de services aux entrepreneurs d\u00e9sireux de commercialiser les solutions les plus innovantes du march\u00e9 et de r\u00e9pondre ainsi aux exigences \u00e9lev\u00e9es de l&rsquo;industrie. A partir d&rsquo;une structure simple &#8211; un responsable commercial, deux installateurs et un support administratif &#8211; chaque centre StarModul peut servir des milliers de clients avec une entreprise reconnue dans tout le pays. Selon Carlos Farr\u00e9, propri\u00e9taire de Starmodul, \u00ab\u00a0le profil id\u00e9al est celui de professionnels du secteur de la construction ou de la m\u00e9tallurgie qui cherchent \u00e0 augmenter leur chiffre d&rsquo;affaires de mani\u00e8re exponentielle. Notre soutien est complet, de sorte que l&rsquo;associ\u00e9 peut se concentrer sur la vente et la construction\u00a0\u00bb.<\/p>\n<p style=\"font-weight: 400;\">StarModul se charge de concevoir chaque projet que l&rsquo;entrepreneur vend afin de rendre son travail de franchis\u00e9 le plus efficace possible. \u00c0 partir de 300 m2, le franchis\u00e9 peut rentabiliser son local, avec des co\u00fbts minimes. Il en r\u00e9sultera une rentabilit\u00e9 \u00e9lev\u00e9e et l&rsquo;entrepreneur pourra se concentrer sur l&rsquo;attraction des clients, \u00e9vitant ainsi des d\u00e9penses \u00e9lev\u00e9es ou superflues.<\/p>\n\t\t\t\t\t\t\t\t<\/div>\n\t\t\t\t<\/div>\n\t\t\t\t<div class=\"elementor-element elementor-element-27b88266 elementor-align-center elementor-mobile-align-justify elementor-widget elementor-widget-button\" data-id=\"27b88266\" data-element_type=\"widget\" data-e-type=\"widget\" data-widget_type=\"button.default\">\n\t\t\t\t<div class=\"elementor-widget-container\">\n\t\t\t\t\t\t\t\t\t<div class=\"elementor-button-wrapper\">\n\t\t\t\t\t<a class=\"elementor-button elementor-button-link elementor-size-sm\" href=\"https:\/\/starmodul.com\/wp-content\/uploads\/2023\/01\/Franquicia-StarModul.pdf\" target=\"_blank\" rel=\"noopener\">\n\t\t\t\t\t\t<span class=\"elementor-button-content-wrapper\">\n\t\t\t\t\t\t\t\t\t<span class=\"elementor-button-text\">t\u00e9l\u00e9charger le pdf informatif<\/span>\n\t\t\t\t\t<\/span>\n\t\t\t\t\t<\/a>\n\t\t\t\t<\/div>\n\t\t\t\t\t\t\t\t<\/div>\n\t\t\t\t<\/div>\n\t\t\t\t\t<\/div>\n\t\t<\/div>\n\t\t\t\t\t<\/div>\n\t\t<\/section>\n\t\t\t\t<\/div>\n\t\t","protected":false},"excerpt":{"rendered":"<p>Franchises StarModul La franchise StarModul \u00e0 Reus Carrer Diversitat, 33, Pol\u00edgono Industrial Granja Vila \/ 43206 &#8211; Reus, Catalunya Courriel : info@starmodul.com Tel : +34 977 75 79 22 Mobile : +34 618 49 35 31 Franchise StarModul \u00e0 Barcelone-Vall\u00e8s Avinguda del Vall\u00e8s, 306 \/ 08227, Terrassa, Catalogne. Courriel : barcelonacentro@starmodul.com Tel : +34 931 [&hellip;]<\/p>\n","protected":false},"author":13,"featured_media":0,"parent":0,"menu_order":0,"comment_status":"closed","ping_status":"closed","template":"elementor_header_footer","meta":{"footnotes":""},"class_list":["post-7736","page","type-page","status-publish","hentry"],"_links":{"self":[{"href":"https:\/\/casa-industrializada.com\/fr\/wp-json\/wp\/v2\/pages\/7736","targetHints":{"allow":["GET"]}}],"collection":[{"href":"https:\/\/casa-industrializada.com\/fr\/wp-json\/wp\/v2\/pages"}],"about":[{"href":"https:\/\/casa-industrializada.com\/fr\/wp-json\/wp\/v2\/types\/page"}],"author":[{"embeddable":true,"href":"https:\/\/casa-industrializada.com\/fr\/wp-json\/wp\/v2\/users\/13"}],"replies":[{"embeddable":true,"href":"https:\/\/casa-industrializada.com\/fr\/wp-json\/wp\/v2\/comments?post=7736"}],"version-history":[{"count":2,"href":"https:\/\/casa-industrializada.com\/fr\/wp-json\/wp\/v2\/pages\/7736\/revisions"}],"predecessor-version":[{"id":8723,"href":"https:\/\/casa-industrializada.com\/fr\/wp-json\/wp\/v2\/pages\/7736\/revisions\/8723"}],"wp:attachment":[{"href":"https:\/\/casa-industrializada.com\/fr\/wp-json\/wp\/v2\/media?parent=7736"}],"curies":[{"name":"wp","href":"https:\/\/api.w.org\/{rel}","templated":true}]}}